{"id":78,"date":"2019-12-08T20:21:22","date_gmt":"2019-12-08T19:21:22","guid":{"rendered":"http:\/\/cnfps.fr\/?page_id=78"},"modified":"2026-01-28T23:27:59","modified_gmt":"2026-01-28T22:27:59","slug":"ffpp","status":"publish","type":"page","link":"https:\/\/cnfps.fr\/?page_id=78","title":{"rendered":"FFPP"},"content":{"rendered":"\n<figure class=\"wp-block-image size-large is-resized\"><img loading=\"lazy\" decoding=\"async\" width=\"1024\" height=\"824\" src=\"https:\/\/cnfps.fr\/wp-content\/uploads\/2026\/01\/Logo-FFPP-1024x824.jpg\" alt=\"\" class=\"wp-image-519\" style=\"width:200px\" srcset=\"https:\/\/cnfps.fr\/wp-content\/uploads\/2026\/01\/Logo-FFPP-1024x824.jpg 1024w, https:\/\/cnfps.fr\/wp-content\/uploads\/2026\/01\/Logo-FFPP-300x241.jpg 300w, https:\/\/cnfps.fr\/wp-content\/uploads\/2026\/01\/Logo-FFPP-768x618.jpg 768w, https:\/\/cnfps.fr\/wp-content\/uploads\/2026\/01\/Logo-FFPP-1536x1235.jpg 1536w, https:\/\/cnfps.fr\/wp-content\/uploads\/2026\/01\/Logo-FFPP-2048x1647.jpg 2048w, https:\/\/cnfps.fr\/wp-content\/uploads\/2026\/01\/Logo-FFPP-1568x1261.jpg 1568w\" sizes=\"auto, (max-width: 1024px) 100vw, 1024px\" \/><\/figure>\n\n\n\n<p><strong><a href=\"https:\/\/ffpp.net\" data-type=\"link\" data-id=\"https:\/\/ffpp.net\">La F\u00e9d\u00e9ration Fran\u00e7aise des Psychologues et de Psychologie<\/a><\/strong><\/p>\n\n\n\n<p>La FFPP, cr\u00e9\u00e9e en 2003, vise \u00e0 rassembler les psychologues&nbsp;praticiens et universitaires. Son ambition est de faire travailler ensemble ces&nbsp;deux cat\u00e9gories de psychologues qui semblent parfois assez \u00e9loign\u00e9es l&rsquo;une de l&rsquo;autre, pour valoriser notre discipline et am\u00e9liorer sa repr\u00e9sentativit\u00e9. Cette diversit\u00e9 se retrouve par&nbsp;exemple au niveau de son instance ex\u00e9cutive, le Bureau F\u00e9d\u00e9ral, qui compte des membres issus de diff\u00e9rents champs de la psychologie (clinique, du travail, de l&rsquo;\u00e9ducation, du sport&nbsp;\u2026).<\/p>\n\n\n\n<p>La FFPP s&rsquo;est notamment donn\u00e9e pour mission de r\u00e9fl\u00e9chir \u00e0 la fois aux programmes d&rsquo;enseignement universitaires et aux pratiques professionnelles en psychologie, aux probl\u00e8mes&nbsp;juridiques et d\u00e9ontologiques que peuvent rencontrer les psychologues, ou encore \u00e0 l&rsquo;insertion professionnelle des dipl\u00f4m\u00e9s. En plus du Bureau F\u00e9d\u00e9ral, des coordinations r\u00e9gionales visent \u00e0 \u00e9tudier les probl\u00e8mes sp\u00e9cifiques qui peuvent se poser en r\u00e9gion, \u00e0 intervenir aupr\u00e8s des instances territoriales&nbsp;pour promouvoir la psychologie, et \u00e0 assurer une pr\u00e9sence de psychologues dans ces instances.<\/p>\n\n\n\n<p><br>En tant que f\u00e9d\u00e9ration, la FFPP vise \u00e9galement \u00e0 regrouper d&rsquo;autres associations, comme l&rsquo;AEPU, l&rsquo;AFPC, ANaPS etc. Les adh\u00e9rents \u00e0 ces associations disposent d&rsquo;un prix d&rsquo;adh\u00e9sion&nbsp;pr\u00e9f\u00e9rentiel pour la FFPP.&nbsp;La FFPP publie chaque mois un&nbsp;bulletin d&rsquo;information, en acc\u00e8s libre sur le site, organise r\u00e9guli\u00e8rement des&nbsp;rencontres et colloques&nbsp;francophones de&nbsp;psychologie, et propose \u00e9galement des&nbsp;formations. Par ailleurs, elle soutien et finance la Commission Nationale Consultative de D\u00e9ontologie des Psychologues.&nbsp;Enfin la FFPP est membre de la <a href=\"https:\/\/www.efpa.eu\" data-type=\"link\" data-id=\"https:\/\/www.efpa.eu\">F\u00e9d\u00e9ration Europ\u00e9enne des Associations de Psychologues<\/a> (FEAP-EFPA), et \u00e0 ce titre veille \u00e0 l&rsquo;application en France de la&nbsp;certification Europsy&nbsp;d\u00e9livr\u00e9e par l&rsquo;EFPA.<\/p>\n\n\n\n<p><a href=\"https:\/\/ffpp.net\">https:\/\/ffpp.net<\/a><\/p>\n\n\n\n<p><\/p>\n","protected":false},"excerpt":{"rendered":"<p>La F\u00e9d\u00e9ration Fran\u00e7aise des Psychologues et de Psychologie La FFPP, cr\u00e9\u00e9e en 2003, vise \u00e0 rassembler les psychologues&nbsp;praticiens et universitaires. Son ambition est de faire travailler ensemble ces&nbsp;deux cat\u00e9gories de psychologues qui semblent parfois assez \u00e9loign\u00e9es l&rsquo;une de l&rsquo;autre, pour valoriser notre discipline et am\u00e9liorer sa repr\u00e9sentativit\u00e9. Cette diversit\u00e9 se retrouve par&nbsp;exemple au niveau de &hellip; <\/p>\n<p class=\"link-more\"><a href=\"https:\/\/cnfps.fr\/?page_id=78\" class=\"more-link\">Continuer la lecture <span class=\"screen-reader-text\"> \u00ab\u00a0FFPP\u00a0\u00bb<\/span><\/a><\/p>\n","protected":false},"author":1,"featured_media":0,"parent":0,"menu_order":0,"comment_status":"closed","ping_status":"closed","template":"","meta":{"footnotes":""},"class_list":["post-78","page","type-page","status-publish","hentry","entry"],"_links":{"self":[{"href":"https:\/\/cnfps.fr\/index.php?rest_route=\/wp\/v2\/pages\/78","targetHints":{"allow":["GET"]}}],"collection":[{"href":"https:\/\/cnfps.fr\/index.php?rest_route=\/wp\/v2\/pages"}],"about":[{"href":"https:\/\/cnfps.fr\/index.php?rest_route=\/wp\/v2\/types\/page"}],"author":[{"embeddable":true,"href":"https:\/\/cnfps.fr\/index.php?rest_route=\/wp\/v2\/users\/1"}],"replies":[{"embeddable":true,"href":"https:\/\/cnfps.fr\/index.php?rest_route=%2Fwp%2Fv2%2Fcomments&post=78"}],"version-history":[{"count":7,"href":"https:\/\/cnfps.fr\/index.php?rest_route=\/wp\/v2\/pages\/78\/revisions"}],"predecessor-version":[{"id":520,"href":"https:\/\/cnfps.fr\/index.php?rest_route=\/wp\/v2\/pages\/78\/revisions\/520"}],"wp:attachment":[{"href":"https:\/\/cnfps.fr\/index.php?rest_route=%2Fwp%2Fv2%2Fmedia&parent=78"}],"curies":[{"name":"wp","href":"https:\/\/api.w.org\/{rel}","templated":true}]}}