{"id":70,"date":"2019-12-08T20:18:53","date_gmt":"2019-12-08T19:18:53","guid":{"rendered":"http:\/\/cnfps.fr\/?page_id=70"},"modified":"2026-01-28T23:22:42","modified_gmt":"2026-01-28T22:22:42","slug":"sfp","status":"publish","type":"page","link":"https:\/\/cnfps.fr\/?page_id=70","title":{"rendered":"SFP"},"content":{"rendered":"\n<figure class=\"wp-block-image size-full is-resized\"><img loading=\"lazy\" decoding=\"async\" width=\"960\" height=\"540\" src=\"https:\/\/cnfps.fr\/wp-content\/uploads\/2026\/01\/sfplogo.png\" alt=\"\" class=\"wp-image-511\" style=\"width:300px\" srcset=\"https:\/\/cnfps.fr\/wp-content\/uploads\/2026\/01\/sfplogo.png 960w, https:\/\/cnfps.fr\/wp-content\/uploads\/2026\/01\/sfplogo-300x169.png 300w, https:\/\/cnfps.fr\/wp-content\/uploads\/2026\/01\/sfplogo-768x432.png 768w\" sizes=\"auto, (max-width: 960px) 100vw, 960px\" \/><\/figure>\n\n\n\n<p><strong><a href=\"https:\/\/www.sfpsy.org\" data-type=\"link\" data-id=\"https:\/\/www.sfpsy.org\">Soci\u00e9t\u00e9 Fran\u00e7aise de Psychologie<\/a><\/strong><\/p>\n\n\n\n<p>La Soci\u00e9t\u00e9 Fran\u00e7aise de Psychologie est n\u00e9e en 1901, sous l&rsquo;impulsion de Pierre Janet, et est ainsi la seconde soci\u00e9t\u00e9 savante de Psychologie fond\u00e9e dans le monde, apr\u00e8s l&rsquo;<a href=\"https:\/\/www.apa.org\" data-type=\"link\" data-id=\"https:\/\/www.apa.org\">American&nbsp;Psychological Association<\/a> cr\u00e9\u00e9e aux Etats-Unis en 1892. D&rsquo;abord baptis\u00e9e Soci\u00e9t\u00e9 de Psychologie, elle a pris son nom actuel en 1941. Avec ses neuf organisations partenaires, elle repr\u00e9sente environ 5 000 chercheurs, enseignants-chercheurs et psychologues.<br><\/p>\n\n\n\n<p>Les missions de la SFP:<\/p>\n\n\n\n<ul class=\"wp-block-list\">\n<li>&nbsp;Contribuer \u00e0 la constitution des savoirs fondamentaux et appliqu\u00e9s en psychologie.<\/li>\n\n\n\n<li>&nbsp;Promouvoir la psychologie scientifique dans sa diversit\u00e9, favoriser son application et sa diffusion dans tous les domaines de la vie sociale.<\/li>\n\n\n\n<li>&nbsp;Susciter les \u00e9changes \u00e0 l\u2019int\u00e9rieur de la communaut\u00e9 des chercheurs et des praticiens.<\/li>\n\n\n\n<li>&nbsp;Contribuer \u00e0 une formation d\u2019excellence des praticiens et des jeunes docteurs.<\/li>\n\n\n\n<li>Prendre position et intervenir dans toutes les situations concernant la recherche en psychologie et sa dimension \u00e9thique, dans toutes celles concernant la pratique de la psychologie et sa dimension&nbsp;d\u00e9ontologique.<\/li>\n<\/ul>\n\n\n\n<p>La SFP entend repr\u00e9senter tous les champs de la psychologie (clinique, du d\u00e9veloppement, sociale, cognitive, diff\u00e9rentielle, etc.) et vise \u00e0 favoriser les \u00e9changes de connaissances en&nbsp;psychologie, en valorisant la&nbsp;scientificit\u00e9 des pratiques.&nbsp;La SFP organise un congr\u00e8s annuel et \u00e9dite deux revues:&nbsp;<a href=\"https:\/\/www.sciencedirect.com\/journal\/psychologie-francaise\" data-type=\"link\" data-id=\"https:\/\/www.sciencedirect.com\/journal\/psychologie-francaise\">Psychologie Fran\u00e7aise&nbsp;<\/a>qui est d\u00e9di\u00e9e \u00e0 la communication de recherches en&nbsp;psychologie&nbsp;et <a href=\"https:\/\/www.sciencedirect.com\/journal\/pratiques-psychologiques\" data-type=\"link\" data-id=\"https:\/\/www.sciencedirect.com\/journal\/pratiques-psychologiques\">Pratiques Psychologiques<\/a>&nbsp;qui est plus orient\u00e9e vers les enjeux professionnels.<\/p>\n\n\n\n<p><a href=\"https:\/\/www.sfpsy.org\">https:\/\/www.sfpsy.org<\/a><\/p>\n","protected":false},"excerpt":{"rendered":"<p>Soci\u00e9t\u00e9 Fran\u00e7aise de Psychologie La Soci\u00e9t\u00e9 Fran\u00e7aise de Psychologie est n\u00e9e en 1901, sous l&rsquo;impulsion de Pierre Janet, et est ainsi la seconde soci\u00e9t\u00e9 savante de Psychologie fond\u00e9e dans le monde, apr\u00e8s l&rsquo;American&nbsp;Psychological Association cr\u00e9\u00e9e aux Etats-Unis en 1892. D&rsquo;abord baptis\u00e9e Soci\u00e9t\u00e9 de Psychologie, elle a pris son nom actuel en 1941. Avec ses neuf &hellip; <\/p>\n<p class=\"link-more\"><a href=\"https:\/\/cnfps.fr\/?page_id=70\" class=\"more-link\">Continuer la lecture <span class=\"screen-reader-text\"> \u00ab\u00a0SFP\u00a0\u00bb<\/span><\/a><\/p>\n","protected":false},"author":1,"featured_media":0,"parent":0,"menu_order":0,"comment_status":"closed","ping_status":"closed","template":"","meta":{"footnotes":""},"class_list":["post-70","page","type-page","status-publish","hentry","entry"],"_links":{"self":[{"href":"https:\/\/cnfps.fr\/index.php?rest_route=\/wp\/v2\/pages\/70","targetHints":{"allow":["GET"]}}],"collection":[{"href":"https:\/\/cnfps.fr\/index.php?rest_route=\/wp\/v2\/pages"}],"about":[{"href":"https:\/\/cnfps.fr\/index.php?rest_route=\/wp\/v2\/types\/page"}],"author":[{"embeddable":true,"href":"https:\/\/cnfps.fr\/index.php?rest_route=\/wp\/v2\/users\/1"}],"replies":[{"embeddable":true,"href":"https:\/\/cnfps.fr\/index.php?rest_route=%2Fwp%2Fv2%2Fcomments&post=70"}],"version-history":[{"count":7,"href":"https:\/\/cnfps.fr\/index.php?rest_route=\/wp\/v2\/pages\/70\/revisions"}],"predecessor-version":[{"id":513,"href":"https:\/\/cnfps.fr\/index.php?rest_route=\/wp\/v2\/pages\/70\/revisions\/513"}],"wp:attachment":[{"href":"https:\/\/cnfps.fr\/index.php?rest_route=%2Fwp%2Fv2%2Fmedia&parent=70"}],"curies":[{"name":"wp","href":"https:\/\/api.w.org\/{rel}","templated":true}]}}