{"id":57,"date":"2019-12-08T19:41:41","date_gmt":"2019-12-08T18:41:41","guid":{"rendered":"http:\/\/cnfps.fr\/?page_id=57"},"modified":"2026-01-29T15:28:25","modified_gmt":"2026-01-29T14:28:25","slug":"prix-theodule-ribot","status":"publish","type":"page","link":"https:\/\/cnfps.fr\/?page_id=57","title":{"rendered":"Prix 2026"},"content":{"rendered":"\n<p>Le Comit\u00e9 National Fran\u00e7ais de Psychologie Scientifique (CNFPS) attribue chaque\u00a0ann\u00e9e\u00a0le Prix Th\u00e9odule Ribot qui r\u00e9compense,\u00a0en partenariat avec le magazine Cerveau &amp; Psycho,\u00a0une jeune chercheuse ou un jeune\u00a0chercheur en psychologie\u00a0dont les travaux scientifiques auront permis des avanc\u00e9es significatives sur le plan th\u00e9orique ou des applications,\u00a0et auront b\u00e9n\u00e9fici\u00e9 d\u2019une reconnaissance internationale.\u00a0<\/p>\n\n\n\n<p>Le  Prix Th\u00e9odule Ribot est remis lors d\u2019une c\u00e9r\u00e9monie organis\u00e9e \u00e0 l\u2019Institut de  France par O. Houd\u00e9, membre de l\u2019Acad\u00e9mie des Sciences Morales et  Politiques. <\/p>\n\n\n\n<p>L\u2019appel \u00e0 candidature para\u00eet dans le&nbsp;num\u00e9ro de d\u00e9cembre du magazine Cerveau &amp; Psycho.<\/p>\n\n\n\n<p>Le Prix est soutenupar la SFP, la FFPP, l&rsquo;ADRIPS et la chaire Sorbonne-Neuro\u00e9ducation.<br><\/p>\n\n\n\n<ul class=\"wp-block-list\">\n<li><strong>Conditions pour postuler<\/strong><strong>:<\/strong>\n<ul class=\"wp-block-list\">\n<li>\u00eatre titulaire d\u2019un doctorat depuis moins de dix ans au 1er janvier de l&rsquo;ann\u00e9e de candidature&nbsp; <\/li>\n\n\n\n<li>\u00eatre membre d\u2019un laboratoire de recherche en France&nbsp; <\/li>\n\n\n\n<li>conduire des travaux dans le champ de la psychologie.<\/li>\n<\/ul>\n<\/li>\n<\/ul>\n\n\n\n<ul class=\"wp-block-list\">\n<li><strong>Constitution des dossiers :&nbsp; <\/strong>\n<ul class=\"wp-block-list\">\n<li>un CV  court (deux pages maximum)<\/li>\n\n\n\n<li>une pr\u00e9sentation, ne d\u00e9passant pas une page, de la ou des contributions scientifiques majeures en psychologie justifiant la candidature<\/li>\n\n\n\n<li>la liste des cinq publications les plus significatives, en pr\u00e9sentant pour chacune son apport scientifique en quelques lignes <\/li>\n\n\n\n<li>La liste compl\u00e8te des publications et conf\u00e9rences donn\u00e9es \u00e0 l&rsquo;\u00e9tranger (en pr\u00e9cisant les conf\u00e9rences invit\u00e9es)<\/li>\n\n\n\n<li>tout \u00e9l\u00e9ment attestant de l\u2019impact international de ces travaux.<\/li>\n<\/ul>\n<\/li>\n<\/ul>\n\n\n\n<p><strong>Adresse de d\u00e9p\u00f4t de candidature :<\/strong><\/p>\n\n\n\n<p>Secretaire-Generale@CNFPS.fr<br>President@CNFPS.fr<br><strong>Date limite de d\u00e9p\u00f4t des candidatures : 7 Avril 2026<\/strong><\/p>\n\n\n\n<figure class=\"wp-block-gallery aligncenter has-nested-images columns-default is-cropped wp-block-gallery-1 is-layout-flex wp-block-gallery-is-layout-flex\">\n<figure class=\"wp-block-image size-full\"><img decoding=\"async\" data-id=\"446\" src=\"https:\/\/cnfps.fr\/wp-content\/uploads\/2026\/01\/Appel-a-candidature-Ribot2026-2.jpg\" alt=\"\" class=\"wp-image-446\"\/><\/figure>\n<\/figure>\n","protected":false},"excerpt":{"rendered":"<p>Le Comit\u00e9 National Fran\u00e7ais de Psychologie Scientifique (CNFPS) attribue chaque\u00a0ann\u00e9e\u00a0le Prix Th\u00e9odule Ribot qui r\u00e9compense,\u00a0en partenariat avec le magazine Cerveau &amp; Psycho,\u00a0une jeune chercheuse ou un jeune\u00a0chercheur en psychologie\u00a0dont les travaux scientifiques auront permis des avanc\u00e9es significatives sur le plan th\u00e9orique ou des applications,\u00a0et auront b\u00e9n\u00e9fici\u00e9 d\u2019une reconnaissance internationale.\u00a0 Le Prix Th\u00e9odule Ribot est remis &hellip; <\/p>\n<p class=\"link-more\"><a href=\"https:\/\/cnfps.fr\/?page_id=57\" class=\"more-link\">Continuer la lecture <span class=\"screen-reader-text\"> \u00ab\u00a0Prix 2026\u00a0\u00bb<\/span><\/a><\/p>\n","protected":false},"author":1,"featured_media":0,"parent":486,"menu_order":0,"comment_status":"closed","ping_status":"closed","template":"","meta":{"footnotes":""},"class_list":["post-57","page","type-page","status-publish","hentry","entry"],"_links":{"self":[{"href":"https:\/\/cnfps.fr\/index.php?rest_route=\/wp\/v2\/pages\/57","targetHints":{"allow":["GET"]}}],"collection":[{"href":"https:\/\/cnfps.fr\/index.php?rest_route=\/wp\/v2\/pages"}],"about":[{"href":"https:\/\/cnfps.fr\/index.php?rest_route=\/wp\/v2\/types\/page"}],"author":[{"embeddable":true,"href":"https:\/\/cnfps.fr\/index.php?rest_route=\/wp\/v2\/users\/1"}],"replies":[{"embeddable":true,"href":"https:\/\/cnfps.fr\/index.php?rest_route=%2Fwp%2Fv2%2Fcomments&post=57"}],"version-history":[{"count":24,"href":"https:\/\/cnfps.fr\/index.php?rest_route=\/wp\/v2\/pages\/57\/revisions"}],"predecessor-version":[{"id":527,"href":"https:\/\/cnfps.fr\/index.php?rest_route=\/wp\/v2\/pages\/57\/revisions\/527"}],"up":[{"embeddable":true,"href":"https:\/\/cnfps.fr\/index.php?rest_route=\/wp\/v2\/pages\/486"}],"wp:attachment":[{"href":"https:\/\/cnfps.fr\/index.php?rest_route=%2Fwp%2Fv2%2Fmedia&parent=57"}],"curies":[{"name":"wp","href":"https:\/\/api.w.org\/{rel}","templated":true}]}}