{"id":51,"date":"2019-12-08T19:32:56","date_gmt":"2019-12-08T18:32:56","guid":{"rendered":"http:\/\/cnfps.fr\/?page_id=51"},"modified":"2026-01-28T23:23:36","modified_gmt":"2026-01-28T22:23:36","slug":"academie-des-sciences-morales-et-politique","status":"publish","type":"page","link":"https:\/\/cnfps.fr\/?page_id=51","title":{"rendered":"Acad\u00e9mie des Sciences Morales et Politiques"},"content":{"rendered":"\n<p><strong><a href=\"https:\/\/academiesciencesmoralesetpolitiques.fr\" data-type=\"link\" data-id=\"https:\/\/academiesciencesmoralesetpolitiques.fr\">Acad\u00e9mie des Sciences Morales et Politiques<\/a><\/strong><\/p>\n\n\n\n<p>L&rsquo;Acad\u00e9mie des sciences morales et politiques&nbsp;(ASMP) est l&rsquo;une des cinq&nbsp;acad\u00e9mies&nbsp;de l&rsquo;Institut de France. Fond\u00e9e en&nbsp;1795, elle est la plus ancienne institution fran\u00e7aise couvrant le champ des&nbsp;sciences humaines et sociales. Dans l\u2019esprit de&nbsp;Montesquieu, son r\u00f4le est de&nbsp;d\u00e9crire&nbsp;scientifiquement&nbsp;la vie des hommes en&nbsp;soci\u00e9t\u00e9&nbsp;afin de proposer les meilleures formes pour son&nbsp;gouvernement.<br><\/p>\n\n\n\n<p><a href=\"https:\/\/academiesciencesmoralesetpolitiques.fr\">https:\/\/academiesciencesmoralesetpolitiques.fr<\/a><\/p>\n\n\n\n<ul class=\"wp-block-list\">\n<li><\/li>\n<\/ul>\n","protected":false},"excerpt":{"rendered":"<p>Acad\u00e9mie des Sciences Morales et Politiques L&rsquo;Acad\u00e9mie des sciences morales et politiques&nbsp;(ASMP) est l&rsquo;une des cinq&nbsp;acad\u00e9mies&nbsp;de l&rsquo;Institut de France. Fond\u00e9e en&nbsp;1795, elle est la plus ancienne institution fran\u00e7aise couvrant le champ des&nbsp;sciences humaines et sociales. Dans l\u2019esprit de&nbsp;Montesquieu, son r\u00f4le est de&nbsp;d\u00e9crire&nbsp;scientifiquement&nbsp;la vie des hommes en&nbsp;soci\u00e9t\u00e9&nbsp;afin de proposer les meilleures formes pour son&nbsp;gouvernement. https:\/\/academiesciencesmoralesetpolitiques.fr<\/p>\n","protected":false},"author":1,"featured_media":0,"parent":0,"menu_order":0,"comment_status":"closed","ping_status":"closed","template":"","meta":{"footnotes":""},"class_list":["post-51","page","type-page","status-publish","hentry","entry"],"_links":{"self":[{"href":"https:\/\/cnfps.fr\/index.php?rest_route=\/wp\/v2\/pages\/51","targetHints":{"allow":["GET"]}}],"collection":[{"href":"https:\/\/cnfps.fr\/index.php?rest_route=\/wp\/v2\/pages"}],"about":[{"href":"https:\/\/cnfps.fr\/index.php?rest_route=\/wp\/v2\/types\/page"}],"author":[{"embeddable":true,"href":"https:\/\/cnfps.fr\/index.php?rest_route=\/wp\/v2\/users\/1"}],"replies":[{"embeddable":true,"href":"https:\/\/cnfps.fr\/index.php?rest_route=%2Fwp%2Fv2%2Fcomments&post=51"}],"version-history":[{"count":5,"href":"https:\/\/cnfps.fr\/index.php?rest_route=\/wp\/v2\/pages\/51\/revisions"}],"predecessor-version":[{"id":515,"href":"https:\/\/cnfps.fr\/index.php?rest_route=\/wp\/v2\/pages\/51\/revisions\/515"}],"wp:attachment":[{"href":"https:\/\/cnfps.fr\/index.php?rest_route=%2Fwp%2Fv2%2Fmedia&parent=51"}],"curies":[{"name":"wp","href":"https:\/\/api.w.org\/{rel}","templated":true}]}}