{"id":486,"date":"2026-01-28T22:47:49","date_gmt":"2026-01-28T21:47:49","guid":{"rendered":"https:\/\/cnfps.fr\/?page_id=486"},"modified":"2026-01-28T23:32:25","modified_gmt":"2026-01-28T22:32:25","slug":"prix-ribot","status":"publish","type":"page","link":"https:\/\/cnfps.fr\/?page_id=486","title":{"rendered":"Prix RIBOT"},"content":{"rendered":"\n<figure class=\"wp-block-image size-large is-resized\"><img loading=\"lazy\" decoding=\"async\" width=\"779\" height=\"1024\" src=\"https:\/\/cnfps.fr\/wp-content\/uploads\/2026\/01\/Theodule-Armand_Ribot-779x1024.jpg\" alt=\"\" class=\"wp-image-523\" style=\"width:200px\" srcset=\"https:\/\/cnfps.fr\/wp-content\/uploads\/2026\/01\/Theodule-Armand_Ribot-779x1024.jpg 779w, https:\/\/cnfps.fr\/wp-content\/uploads\/2026\/01\/Theodule-Armand_Ribot-228x300.jpg 228w, https:\/\/cnfps.fr\/wp-content\/uploads\/2026\/01\/Theodule-Armand_Ribot-768x1010.jpg 768w, https:\/\/cnfps.fr\/wp-content\/uploads\/2026\/01\/Theodule-Armand_Ribot.jpg 1116w\" sizes=\"auto, (max-width: 779px) 100vw, 779px\" \/><\/figure>\n\n\n\n<p>Le Comit\u00e9 National Fran\u00e7ais de Psychologie Scientifique (CNFPS) attribue chaque&nbsp;ann\u00e9e&nbsp;le Prix <a href=\"https:\/\/fr.wikipedia.org\/wiki\/Th\u00e9odule-Armand_Ribot\" data-type=\"link\" data-id=\"https:\/\/fr.wikipedia.org\/wiki\/Th\u00e9odule-Armand_Ribot\">Th\u00e9odule Ribot<\/a> qui r\u00e9compense,&nbsp;en partenariat avec le magazine <a href=\"https:\/\/www.cerveauetpsycho.fr\" data-type=\"link\" data-id=\"https:\/\/www.cerveauetpsycho.fr\">Cerveau &amp; Psycho<\/a>,&nbsp;une jeune chercheuse ou un jeune&nbsp;chercheur en psychologie&nbsp;dont les travaux scientifiques auront permis des avanc\u00e9es significatives sur le plan th\u00e9orique ou des applications,&nbsp;et auront b\u00e9n\u00e9fici\u00e9 d\u2019une reconnaissance internationale.&nbsp;<\/p>\n\n\n\n<ul class=\"wp-block-list\">\n<li><a href=\"https:\/\/cnfps.fr\/?page_id=57\" data-type=\"link\" data-id=\"https:\/\/cnfps.fr\/?page_id=57\">Prix 2026<\/a><\/li>\n\n\n\n<li><a href=\"https:\/\/cnfps.fr\/?page_id=379\" data-type=\"link\" data-id=\"https:\/\/cnfps.fr\/?page_id=379\">Laur\u00e9ate 2025<\/a>: <a href=\"https:\/\/crpn.univ-amu.fr\/fr\/annuaire\/dautriche-isabelle\" data-type=\"link\" data-id=\"https:\/\/crpn.univ-amu.fr\/fr\/annuaire\/dautriche-isabelle\">Isabelle Dautriche<\/a><\/li>\n\n\n\n<li><a href=\"https:\/\/cnfps.fr\/?page_id=306\" data-type=\"link\" data-id=\"https:\/\/cnfps.fr\/?page_id=306\">Laur\u00e9at 2024<\/a>: <a href=\"https:\/\/sebastiengoudeau.fr\" data-type=\"link\" data-id=\"https:\/\/sebastiengoudeau.fr\">S\u00e9bastien Goudeau<\/a><\/li>\n\n\n\n<li><a href=\"https:\/\/cnfps.fr\/?page_id=267\" data-type=\"link\" data-id=\"https:\/\/cnfps.fr\/?page_id=267\">Laur\u00e9at 2023<\/a>: <a href=\"https:\/\/scholar.google.com\/citations?user=OgYNSHMAAAAJ&amp;hl=en\" data-type=\"link\" data-id=\"https:\/\/scholar.google.com\/citations?user=OgYNSHMAAAAJ&amp;hl=en\">Guillaume Dezecache<\/a><\/li>\n\n\n\n<li><a href=\"https:\/\/cnfps.fr\/?page_id=232\" data-type=\"link\" data-id=\"https:\/\/cnfps.fr\/?page_id=232\">Laur\u00e9at 2022<\/a>: <a href=\"https:\/\/sites.google.com\/site\/stefanopalminteri\/home\" data-type=\"link\" data-id=\"https:\/\/sites.google.com\/site\/stefanopalminteri\/home\">Stefano Palminteri<\/a><\/li>\n\n\n\n<li><a href=\"https:\/\/cnfps.fr\/?page_id=207\" data-type=\"link\" data-id=\"https:\/\/cnfps.fr\/?page_id=207\">Laur\u00e9ate 2021<\/a>: <a href=\"https:\/\/www.duguelab.com\" data-type=\"link\" data-id=\"https:\/\/www.duguelab.com\">Laura Dugu\u00e9<\/a><\/li>\n\n\n\n<li><a href=\"https:\/\/cnfps.fr\/?page_id=132\" data-type=\"link\" data-id=\"https:\/\/cnfps.fr\/?page_id=132\">Laur\u00e9at 2020<\/a>: <a href=\"https:\/\/nimh.unicaen.fr\/fr\/personnes\/name\/thomas-hinault\/\" data-type=\"link\" data-id=\"https:\/\/nimh.unicaen.fr\/fr\/personnes\/name\/thomas-hinault\/\">Thomas Hinault<\/a><\/li>\n<\/ul>\n\n\n\n<p><\/p>\n","protected":false},"excerpt":{"rendered":"<p>Le Comit\u00e9 National Fran\u00e7ais de Psychologie Scientifique (CNFPS) attribue chaque&nbsp;ann\u00e9e&nbsp;le Prix Th\u00e9odule Ribot qui r\u00e9compense,&nbsp;en partenariat avec le magazine Cerveau &amp; Psycho,&nbsp;une jeune chercheuse ou un jeune&nbsp;chercheur en psychologie&nbsp;dont les travaux scientifiques auront permis des avanc\u00e9es significatives sur le plan th\u00e9orique ou des applications,&nbsp;et auront b\u00e9n\u00e9fici\u00e9 d\u2019une reconnaissance internationale.&nbsp;<\/p>\n","protected":false},"author":1,"featured_media":0,"parent":0,"menu_order":0,"comment_status":"closed","ping_status":"closed","template":"","meta":{"footnotes":""},"class_list":["post-486","page","type-page","status-publish","hentry","entry"],"_links":{"self":[{"href":"https:\/\/cnfps.fr\/index.php?rest_route=\/wp\/v2\/pages\/486","targetHints":{"allow":["GET"]}}],"collection":[{"href":"https:\/\/cnfps.fr\/index.php?rest_route=\/wp\/v2\/pages"}],"about":[{"href":"https:\/\/cnfps.fr\/index.php?rest_route=\/wp\/v2\/types\/page"}],"author":[{"embeddable":true,"href":"https:\/\/cnfps.fr\/index.php?rest_route=\/wp\/v2\/users\/1"}],"replies":[{"embeddable":true,"href":"https:\/\/cnfps.fr\/index.php?rest_route=%2Fwp%2Fv2%2Fcomments&post=486"}],"version-history":[{"count":12,"href":"https:\/\/cnfps.fr\/index.php?rest_route=\/wp\/v2\/pages\/486\/revisions"}],"predecessor-version":[{"id":525,"href":"https:\/\/cnfps.fr\/index.php?rest_route=\/wp\/v2\/pages\/486\/revisions\/525"}],"wp:attachment":[{"href":"https:\/\/cnfps.fr\/index.php?rest_route=%2Fwp%2Fv2%2Fmedia&parent=486"}],"curies":[{"name":"wp","href":"https:\/\/api.w.org\/{rel}","templated":true}]}}