{"id":480,"date":"2026-01-28T22:40:47","date_gmt":"2026-01-28T21:40:47","guid":{"rendered":"https:\/\/cnfps.fr\/?page_id=480"},"modified":"2026-01-28T22:49:15","modified_gmt":"2026-01-28T21:49:15","slug":"japs","status":"publish","type":"page","link":"https:\/\/cnfps.fr\/?page_id=480","title":{"rendered":"JAPS"},"content":{"rendered":"\n<p>La Journ\u00e9e Actualit\u00e9s de la Psychologie Scientifique (JAPS) a lieu tous les ans depuis 2025. Elle r\u00e9unit sur une journ\u00e9e des acteurs fran\u00e7ais de la recherche internationale en psychologie scientifique et vise \u00e0 pr\u00e9senter l&rsquo;\u00e9tat de l&rsquo;art sur diff\u00e9rents sujets contemporains de la psychologie. <\/p>\n\n\n\n<p>Elle s&rsquo;organise autour de pr\u00e9sentations individuelles de chercheuses et chercheurs renomm\u00e9s dans leur domaine d&rsquo;expertise. Elle comporte \u00e9galement une table ronde r\u00e9unissant diff\u00e9rents chercheurs autour d&rsquo;une question contemporaine en psychologie. <\/p>\n\n\n\n<p>Cette journ\u00e9e est destin\u00e9e \u00e0 public large de psychologues praticiens et de chercheurs. <\/p>\n\n\n\n<ul class=\"wp-block-list\">\n<li><a href=\"https:\/\/actuapsy.sciencesconf.org\" data-type=\"link\" data-id=\"https:\/\/actuapsy.sciencesconf.org\">Edition 2025 \u00e0 Marseille<\/a> : <a href=\"https:\/\/actuapsy.sciencesconf.org\">https:\/\/actuapsy.sciencesconf.org<\/a><\/li>\n<\/ul>\n","protected":false},"excerpt":{"rendered":"<p>La Journ\u00e9e Actualit\u00e9s de la Psychologie Scientifique (JAPS) a lieu tous les ans depuis 2025. Elle r\u00e9unit sur une journ\u00e9e des acteurs fran\u00e7ais de la recherche internationale en psychologie scientifique et vise \u00e0 pr\u00e9senter l&rsquo;\u00e9tat de l&rsquo;art sur diff\u00e9rents sujets contemporains de la psychologie. Elle s&rsquo;organise autour de pr\u00e9sentations individuelles de chercheuses et chercheurs renomm\u00e9s &hellip; <\/p>\n<p class=\"link-more\"><a href=\"https:\/\/cnfps.fr\/?page_id=480\" class=\"more-link\">Continuer la lecture <span class=\"screen-reader-text\"> \u00ab\u00a0JAPS\u00a0\u00bb<\/span><\/a><\/p>\n","protected":false},"author":1,"featured_media":0,"parent":0,"menu_order":0,"comment_status":"closed","ping_status":"closed","template":"","meta":{"footnotes":""},"class_list":["post-480","page","type-page","status-publish","hentry","entry"],"_links":{"self":[{"href":"https:\/\/cnfps.fr\/index.php?rest_route=\/wp\/v2\/pages\/480","targetHints":{"allow":["GET"]}}],"collection":[{"href":"https:\/\/cnfps.fr\/index.php?rest_route=\/wp\/v2\/pages"}],"about":[{"href":"https:\/\/cnfps.fr\/index.php?rest_route=\/wp\/v2\/types\/page"}],"author":[{"embeddable":true,"href":"https:\/\/cnfps.fr\/index.php?rest_route=\/wp\/v2\/users\/1"}],"replies":[{"embeddable":true,"href":"https:\/\/cnfps.fr\/index.php?rest_route=%2Fwp%2Fv2%2Fcomments&post=480"}],"version-history":[{"count":3,"href":"https:\/\/cnfps.fr\/index.php?rest_route=\/wp\/v2\/pages\/480\/revisions"}],"predecessor-version":[{"id":490,"href":"https:\/\/cnfps.fr\/index.php?rest_route=\/wp\/v2\/pages\/480\/revisions\/490"}],"wp:attachment":[{"href":"https:\/\/cnfps.fr\/index.php?rest_route=%2Fwp%2Fv2%2Fmedia&parent=480"}],"curies":[{"name":"wp","href":"https:\/\/api.w.org\/{rel}","templated":true}]}}