{"id":48,"date":"2019-12-08T19:30:06","date_gmt":"2019-12-08T18:30:06","guid":{"rendered":"http:\/\/cnfps.fr\/?page_id=48"},"modified":"2026-01-28T23:23:15","modified_gmt":"2026-01-28T22:23:15","slug":"academie-des-sciences","status":"publish","type":"page","link":"https:\/\/cnfps.fr\/?page_id=48","title":{"rendered":"Acad\u00e9mie des Sciences"},"content":{"rendered":"\n<p><strong><a href=\"https:\/\/www.academie-sciences.fr\" data-type=\"link\" data-id=\"https:\/\/www.academie-sciences.fr\">Acad\u00e9mie des Sciences<\/a><\/strong><\/p>\n\n\n\n<div class=\"wp-block-group\"><div class=\"wp-block-group__inner-container is-layout-flow wp-block-group-is-layout-flow\">\n<p>Depuis sa cr\u00e9ation en 1666, l\u2019Acad\u00e9mie des sciences se consacre au d\u00e9veloppement des sciences et conseille les autorit\u00e9s gouvernementales en ce domaine. Ind\u00e9pendante et p\u00e9renne, plac\u00e9e sous la protection du Pr\u00e9sident de la R\u00e9publique, elle&nbsp;est l&rsquo;une des cinq acad\u00e9mies si\u00e9geant \u00e0 l\u2019Institut de France. Au d\u00e9but des ann\u00e9es 2000, l\u2019Acad\u00e9mie s\u2019est dot\u00e9e de nouveaux statuts lui permettant d\u2019augmenter et rajeunir son effectif, afin de r\u00e9pondre \u00e0 l\u2019accroissement des connaissances&nbsp;scientifiques et \u00e0 l\u2019\u00e9largissement des domaines de recherche.<\/p>\n\n\n\n<p>L\u2019Acad\u00e9mie des sciences est&nbsp;pluridisciplinaire et largement ouverte \u00e0 l\u2019international. Ses membres r\u00e9alisent leurs travaux au sein de comit\u00e9s de r\u00e9flexion th\u00e9matiques en interaction \u00e9troite avec les instances de gouvernance statutaires.&nbsp;<\/p>\n<\/div><\/div>\n\n\n\n<p>L\u2019Acad\u00e9mie exerce cinq missions fondamentales :<\/p>\n\n\n\n<ul class=\"wp-block-list\">\n<li>encourager la vie scientifique,&nbsp;<\/li>\n\n\n\n<li>promouvoir l&rsquo;enseignement des sciences,&nbsp;<\/li>\n\n\n\n<li>transmettre les connaissances,&nbsp;<\/li>\n\n\n\n<li>favoriser les collaborations internationales<\/li>\n\n\n\n<li>assurer un r\u00f4le d&rsquo;expertise et de conseil.&nbsp;<br><\/li>\n<\/ul>\n\n\n\n<p><a href=\"https:\/\/www.academie-sciences.fr\">https:\/\/www.academie-sciences.fr<\/a><\/p>\n","protected":false},"excerpt":{"rendered":"<p>Acad\u00e9mie des Sciences Depuis sa cr\u00e9ation en 1666, l\u2019Acad\u00e9mie des sciences se consacre au d\u00e9veloppement des sciences et conseille les autorit\u00e9s gouvernementales en ce domaine. Ind\u00e9pendante et p\u00e9renne, plac\u00e9e sous la protection du Pr\u00e9sident de la R\u00e9publique, elle&nbsp;est l&rsquo;une des cinq acad\u00e9mies si\u00e9geant \u00e0 l\u2019Institut de France. Au d\u00e9but des ann\u00e9es 2000, l\u2019Acad\u00e9mie s\u2019est dot\u00e9e &hellip; <\/p>\n<p class=\"link-more\"><a href=\"https:\/\/cnfps.fr\/?page_id=48\" class=\"more-link\">Continuer la lecture <span class=\"screen-reader-text\"> \u00ab\u00a0Acad\u00e9mie des Sciences\u00a0\u00bb<\/span><\/a><\/p>\n","protected":false},"author":1,"featured_media":0,"parent":0,"menu_order":0,"comment_status":"closed","ping_status":"closed","template":"","meta":{"footnotes":""},"class_list":["post-48","page","type-page","status-publish","hentry","entry"],"_links":{"self":[{"href":"https:\/\/cnfps.fr\/index.php?rest_route=\/wp\/v2\/pages\/48","targetHints":{"allow":["GET"]}}],"collection":[{"href":"https:\/\/cnfps.fr\/index.php?rest_route=\/wp\/v2\/pages"}],"about":[{"href":"https:\/\/cnfps.fr\/index.php?rest_route=\/wp\/v2\/types\/page"}],"author":[{"embeddable":true,"href":"https:\/\/cnfps.fr\/index.php?rest_route=\/wp\/v2\/users\/1"}],"replies":[{"embeddable":true,"href":"https:\/\/cnfps.fr\/index.php?rest_route=%2Fwp%2Fv2%2Fcomments&post=48"}],"version-history":[{"count":5,"href":"https:\/\/cnfps.fr\/index.php?rest_route=\/wp\/v2\/pages\/48\/revisions"}],"predecessor-version":[{"id":514,"href":"https:\/\/cnfps.fr\/index.php?rest_route=\/wp\/v2\/pages\/48\/revisions\/514"}],"wp:attachment":[{"href":"https:\/\/cnfps.fr\/index.php?rest_route=%2Fwp%2Fv2%2Fmedia&parent=48"}],"curies":[{"name":"wp","href":"https:\/\/api.w.org\/{rel}","templated":true}]}}