{"id":41,"date":"2019-12-08T19:14:56","date_gmt":"2019-12-08T18:14:56","guid":{"rendered":"http:\/\/cnfps.fr\/?page_id=41"},"modified":"2026-01-28T21:02:59","modified_gmt":"2026-01-28T20:02:59","slug":"membres","status":"publish","type":"page","link":"https:\/\/cnfps.fr\/?page_id=41","title":{"rendered":"Membres"},"content":{"rendered":"\n<p><strong>Membres du CNFPS<\/strong><\/p>\n\n\n\n<ul class=\"wp-block-list\">\n<li>Le  CNFPS se compose de membres ordinaires, de membres honoraires et de  membres repr\u00e9sentant l&rsquo;Acad\u00e9mie des Sciences et l\u2019Acad\u00e9mie des Sciences  Morales et Politiques.&nbsp;&nbsp;<\/li>\n<\/ul>\n\n\n\n<p>Les&nbsp;<strong>membres ordinaires<\/strong>&nbsp;sont des chercheurs ou enseignants-chercheurs reconnus pour leur contribution \u00e0 la recherche et pour leur engagement dans la visibilit\u00e9 internationale de la psychologie scientifique fran\u00e7aise. Ils peuvent \u00eatre de&nbsp;nationalit\u00e9 fran\u00e7aise ou \u00e9trang\u00e8re et doivent exercer leur activit\u00e9 professionnelle en France.&nbsp;Parmi les membres ordinaires figurent, comme membres de droit, les Pr\u00e9sidents de la SFP et de la FFPP. Peuvent \u00e9galement \u00eatre&nbsp;admis comme membres ordinaires les chercheurs ou enseignants-chercheurs assurant une charge de repr\u00e9sentation de la communaut\u00e9 scientifique fran\u00e7aise au sein d&rsquo;une organisation internationale de psychologie. Le&nbsp;nombre de&nbsp;membres ordinaires&nbsp;est au maximum de 30.&nbsp;Lorsqu&rsquo;un membre ordinaire atteint l&rsquo;\u00e2ge de 75 ans, il peut conserver son statut de membre de l&rsquo;Assembl\u00e9e en devenant surnum\u00e9raire et en acqu\u00e9rant le titre de membre honoraire.<br>Le statut de<strong>&nbsp;membre honoraire&nbsp;<\/strong>est accord\u00e9 \u00e0 titre exceptionnel \u00e0 des personnes ayant apport\u00e9 une contribution notable \u00e0 la psychologie scientifique et jouissant d&rsquo;une notori\u00e9t\u00e9 internationale dans leur domaine.<\/p>\n\n\n\n<ul class=\"wp-block-list\">\n<li><strong>Membres ordinaires du CNFPS<\/strong>\n\n\n\n\n\n\n\n\n\n\n\n\n\n\n\n\n\n\n\n\n\n\n\n\n\n\n\n\n\n\n<ul class=\"wp-block-list\">\n<li><a href=\"https:\/\/www.bordeaux-population-health.center\/fr\/annuaire\/\" data-type=\"link\" data-id=\"https:\/\/www.bordeaux-population-health.center\/fr\/annuaire\/\">Helene Amieva<\/a>, Psychog\u00e9rontologie, Bordeaux<\/li>\n<\/ul>\n\n\n\n<ul class=\"wp-block-list\">\n<li><a href=\"https:\/\/diphe.univ-lyon2.fr\/jean-yves-baudouin\/\" data-type=\"link\" data-id=\"https:\/\/diphe.univ-lyon2.fr\/jean-yves-baudouin\/\">Jean-Yves Baudouin<\/a>, Psychologie cognitive, Lyon<\/li>\n\n\n\n<li><a href=\"https:\/\/www.univ-reims.fr\/c2s\/membres-cv\/chrystel-besche-richard,13985,24494.html?sit_id=49\" data-type=\"link\" data-id=\"https:\/\/www.univ-reims.fr\/c2s\/membres-cv\/chrystel-besche-richard,13985,24494.html?sit_id=49\">Chrystel Besche-Richard<\/a>, Psychopathologie cognitive, Reims<\/li>\n\n\n\n<li><a href=\"https:\/\/www.lapsyde.com\/membres\/gregoire-borst\" data-type=\"link\" data-id=\"https:\/\/www.lapsyde.com\/membres\/gregoire-borst\">Gr\u00e9goire Borst<\/a>, Psychologie cognitive, Paris<\/li>\n\n\n\n<li><a href=\"https:\/\/pro.univ-lille.fr\/severine-casalis\" data-type=\"link\" data-id=\"https:\/\/pro.univ-lille.fr\/severine-casalis\">S\u00e9verine Casalis<\/a>, Psychologie cognitive, Lille<\/li>\n\n\n\n<li><a href=\"https:\/\/crpn.univ-amu.fr\/fr\/annuaire\/cole-pascale\" data-type=\"link\" data-id=\"https:\/\/crpn.univ-amu.fr\/fr\/annuaire\/cole-pascale\">Pascale Col\u00e9<\/a>, Psychologie du langage, Aix-Marseille<\/li>\n\n\n\n<li><a href=\"https:\/\/www.duguelab.com\" data-type=\"link\" data-id=\"https:\/\/www.duguelab.com\">Laura Dugu\u00e9<\/a>, Psychologie cognitive, Paris<\/li>\n\n\n\n<li><a href=\"https:\/\/nimh.unicaen.fr\/fr\/personnes\/name\/francis-eustache\/\" data-type=\"link\" data-id=\"https:\/\/nimh.unicaen.fr\/fr\/personnes\/name\/francis-eustache\/\">Francis Eustache<\/a>, Neuropsychologie, Caen<\/li>\n\n\n\n<li><a href=\"https:\/\/www.u-bordeaux.fr\/universite\/espace-presse\/repertoire-dexperts\/mathilde-husky\" data-type=\"link\" data-id=\"https:\/\/www.u-bordeaux.fr\/universite\/espace-presse\/repertoire-dexperts\/mathilde-husky\">Mathilde Husky<\/a>, Psychopathologie, Bordeaux<\/li>\n\n\n\n<li><a href=\"https:\/\/scholar.google.com\/citations?user=2m3qFpMAAAAJ&amp;hl=en\" data-type=\"link\" data-id=\"https:\/\/scholar.google.com\/citations?user=2m3qFpMAAAAJ&amp;hl=en\">Even Loarer<\/a>, Psychologie diff\u00e9rentielle, Paris<\/li>\n\n\n\n<li><a href=\"https:\/\/lmc2.u-paris.fr\/les-membres\/serge-nicolas\/\" data-type=\"link\" data-id=\"https:\/\/lmc2.u-paris.fr\/les-membres\/serge-nicolas\/\">Serge Nicolas<\/a>, Psychologie cognitive, Paris<\/li>\n<\/ul>\n\n\n\n<ul class=\"wp-block-list\">\n<li><a href=\"https:\/\/lmc2.u-paris.fr\/les-membres\/pascale-piolino\/\" data-type=\"link\" data-id=\"https:\/\/lmc2.u-paris.fr\/les-membres\/pascale-piolino\/\">Pascale Piolino<\/a>, Neuropsychologie, Paris<\/li>\n\n\n\n<li><a href=\"https:\/\/arnaudrey.jimdofree.com\" data-type=\"link\" data-id=\"https:\/\/arnaudrey.jimdofree.com\">Arnaud Rey<\/a>, Psychologie cognitive, Aix-Marseille<\/li>\n\n\n\n<li><a href=\"https:\/\/labpsy.u-bordeaux.fr\/membres\/membres-titulaires\/ric-francois\" data-type=\"link\" data-id=\"https:\/\/labpsy.u-bordeaux.fr\/membres\/membres-titulaires\/ric-francois\">Francois Ric<\/a>, Psychologie sociale, Bordeaux<\/li>\n\n\n\n<li><a href=\"https:\/\/cerpps.univ-tlse2.fr\/accueil\/membres-du-laboratoire\/membres-emerites\/bernadette-roge\" data-type=\"link\" data-id=\"https:\/\/cerpps.univ-tlse2.fr\/accueil\/membres-du-laboratoire\/membres-emerites\/bernadette-roge\">Bernadette Rog\u00e9<\/a>, Psychologie du d\u00e9veloppement \/ sant\u00e9, Toulouse<\/li>\n<\/ul>\n\n\n\n<ul class=\"wp-block-list\">\n<li><a href=\"https:\/\/ism.univ-amu.fr\/index.php\/fr\/annuaire\/vercher\" data-type=\"link\" data-id=\"https:\/\/ism.univ-amu.fr\/index.php\/fr\/annuaire\/vercher\">Jean-Louis Vercher<\/a>, Neurosciences cognitives, Aix-Marseille<\/li>\n<\/ul>\n<\/li>\n<\/ul>\n\n\n\n<p><\/p>\n\n\n\n<ul class=\"wp-block-list\">\n<li><strong>Membres honoraires du CNFPS<\/strong>\n<ul class=\"wp-block-list\">\n<li><a href=\"https:\/\/www.micheldenis.fr\" data-type=\"link\" data-id=\"https:\/\/www.micheldenis.fr\">Michel Denis<\/a>, Membre Honoraire, Paris<\/li>\n<\/ul>\n<\/li>\n<\/ul>\n\n\n\n<p><\/p>\n\n\n\n<ul class=\"wp-block-list\">\n<li><strong>Membres repr\u00e9sentant l&rsquo;Acad\u00e9mie des Sciences&nbsp;<\/strong>\n<ul class=\"wp-block-list\">\n<li><a href=\"https:\/\/www.academie-sciences.fr\/claude-debru\" data-type=\"link\" data-id=\"https:\/\/www.academie-sciences.fr\/claude-debru\">Claude Debru<\/a>,\u00a0Universit\u00e9 Paris Sciences &amp; Lettres<\/li>\n\n\n\n<li><a href=\"https:\/\/www.college-de-france.fr\/fr\/chaire\/stanislas-dehaene-psychologie-cognitive-experimentale-chaire-statutaire\" data-type=\"link\" data-id=\"https:\/\/www.college-de-france.fr\/fr\/chaire\/stanislas-dehaene-psychologie-cognitive-experimentale-chaire-statutaire\">Stanislas Dehaene<\/a>,\u00a0Coll\u00e8ge de France<\/li>\n<\/ul>\n<\/li>\n<\/ul>\n\n\n\n<p><\/p>\n\n\n\n<ul class=\"wp-block-list\">\n<li><strong>Membres repr\u00e9sentant&nbsp;l\u2019Acad\u00e9mie des Sciences Morales et Politiques<\/strong>\n<ul class=\"wp-block-list\">\n<li><a href=\"https:\/\/www.lapsyde.com\/membres\/olivier-houde\" data-type=\"link\" data-id=\"https:\/\/www.lapsyde.com\/membres\/olivier-houde\">Olivier Houd\u00e9<\/a>,\u00a0Universit\u00e9 de\u00a0Paris<\/li>\n<\/ul>\n<\/li>\n<\/ul>\n\n\n\n<p><\/p>\n","protected":false},"excerpt":{"rendered":"<p>Membres du CNFPS Les&nbsp;membres ordinaires&nbsp;sont des chercheurs ou enseignants-chercheurs reconnus pour leur contribution \u00e0 la recherche et pour leur engagement dans la visibilit\u00e9 internationale de la psychologie scientifique fran\u00e7aise. Ils peuvent \u00eatre de&nbsp;nationalit\u00e9 fran\u00e7aise ou \u00e9trang\u00e8re et doivent exercer leur activit\u00e9 professionnelle en France.&nbsp;Parmi les membres ordinaires figurent, comme membres de droit, les Pr\u00e9sidents de &hellip; <\/p>\n<p class=\"link-more\"><a href=\"https:\/\/cnfps.fr\/?page_id=41\" class=\"more-link\">Continuer la lecture <span class=\"screen-reader-text\"> \u00ab\u00a0Membres\u00a0\u00bb<\/span><\/a><\/p>\n","protected":false},"author":1,"featured_media":0,"parent":0,"menu_order":0,"comment_status":"closed","ping_status":"closed","template":"","meta":{"footnotes":""},"class_list":["post-41","page","type-page","status-publish","hentry","entry"],"_links":{"self":[{"href":"https:\/\/cnfps.fr\/index.php?rest_route=\/wp\/v2\/pages\/41","targetHints":{"allow":["GET"]}}],"collection":[{"href":"https:\/\/cnfps.fr\/index.php?rest_route=\/wp\/v2\/pages"}],"about":[{"href":"https:\/\/cnfps.fr\/index.php?rest_route=\/wp\/v2\/types\/page"}],"author":[{"embeddable":true,"href":"https:\/\/cnfps.fr\/index.php?rest_route=\/wp\/v2\/users\/1"}],"replies":[{"embeddable":true,"href":"https:\/\/cnfps.fr\/index.php?rest_route=%2Fwp%2Fv2%2Fcomments&post=41"}],"version-history":[{"count":12,"href":"https:\/\/cnfps.fr\/index.php?rest_route=\/wp\/v2\/pages\/41\/revisions"}],"predecessor-version":[{"id":477,"href":"https:\/\/cnfps.fr\/index.php?rest_route=\/wp\/v2\/pages\/41\/revisions\/477"}],"wp:attachment":[{"href":"https:\/\/cnfps.fr\/index.php?rest_route=%2Fwp%2Fv2%2Fmedia&parent=41"}],"curies":[{"name":"wp","href":"https:\/\/api.w.org\/{rel}","templated":true}]}}