{"id":379,"date":"2025-09-18T11:36:24","date_gmt":"2025-09-18T09:36:24","guid":{"rendered":"https:\/\/cnfps.fr\/?page_id=379"},"modified":"2025-09-30T17:30:32","modified_gmt":"2025-09-30T15:30:32","slug":"laureat-2025","status":"publish","type":"page","link":"https:\/\/cnfps.fr\/?page_id=379","title":{"rendered":"Laur\u00e9at 2025"},"content":{"rendered":"\n<p><strong>Isabelle Dautriche<\/strong><\/p>\n\n\n\n<p>Directrice de recherche CNRS au centre de recherche en neurosciences et en psychologie (CRPN) de l\u2019universit\u00e9 Aix-Marseille, est laur\u00e9ate du prix Th\u00e9odule Ribot du CNFPS 2025.<\/p>\n\n\n\n<div class=\"wp-block-columns is-layout-flex wp-container-core-columns-is-layout-9d6595d7 wp-block-columns-is-layout-flex\">\n<div class=\"wp-block-column is-layout-flow wp-block-column-is-layout-flow\">\n<figure class=\"wp-block-image size-large is-resized\"><img loading=\"lazy\" decoding=\"async\" src=\"https:\/\/cnfps.fr\/wp-content\/uploads\/2025\/09\/remise-medaille-RIbot2025-1024x768.jpg\" alt=\"\" class=\"wp-image-394\" width=\"527\" height=\"395\" srcset=\"https:\/\/cnfps.fr\/wp-content\/uploads\/2025\/09\/remise-medaille-RIbot2025-1024x768.jpg 1024w, https:\/\/cnfps.fr\/wp-content\/uploads\/2025\/09\/remise-medaille-RIbot2025-300x225.jpg 300w, https:\/\/cnfps.fr\/wp-content\/uploads\/2025\/09\/remise-medaille-RIbot2025-768x576.jpg 768w, https:\/\/cnfps.fr\/wp-content\/uploads\/2025\/09\/remise-medaille-RIbot2025-1536x1152.jpg 1536w, https:\/\/cnfps.fr\/wp-content\/uploads\/2025\/09\/remise-medaille-RIbot2025-1568x1176.jpg 1568w, https:\/\/cnfps.fr\/wp-content\/uploads\/2025\/09\/remise-medaille-RIbot2025.jpg 1600w\" sizes=\"auto, (max-width: 527px) 100vw, 527px\" \/><\/figure>\n<\/div>\n\n\n\n<div class=\"wp-block-column is-layout-flow wp-block-column-is-layout-flow\">\n<figure class=\"wp-block-image size-full\"><a href=\"https:\/\/cnfps.fr\/wp-content\/uploads\/2025\/09\/Isabelle-Dautriche_cnfps_2025.pdf\"><img loading=\"lazy\" decoding=\"async\" width=\"588\" height=\"479\" src=\"https:\/\/cnfps.fr\/wp-content\/uploads\/2025\/09\/Isabelle-Dautriche_cnfps_2025.png\" alt=\"\" class=\"wp-image-383\" srcset=\"https:\/\/cnfps.fr\/wp-content\/uploads\/2025\/09\/Isabelle-Dautriche_cnfps_2025.png 588w, https:\/\/cnfps.fr\/wp-content\/uploads\/2025\/09\/Isabelle-Dautriche_cnfps_2025-300x244.png 300w\" sizes=\"auto, (max-width: 588px) 100vw, 588px\" \/><\/a><\/figure>\n<\/div>\n<\/div>\n","protected":false},"excerpt":{"rendered":"<p>Isabelle Dautriche Directrice de recherche CNRS au centre de recherche en neurosciences et en psychologie (CRPN) de l\u2019universit\u00e9 Aix-Marseille, est laur\u00e9ate du prix Th\u00e9odule Ribot du CNFPS 2025.<\/p>\n","protected":false},"author":1,"featured_media":0,"parent":0,"menu_order":0,"comment_status":"closed","ping_status":"closed","template":"","meta":{"footnotes":""},"class_list":["post-379","page","type-page","status-publish","hentry","entry"],"_links":{"self":[{"href":"https:\/\/cnfps.fr\/index.php?rest_route=\/wp\/v2\/pages\/379","targetHints":{"allow":["GET"]}}],"collection":[{"href":"https:\/\/cnfps.fr\/index.php?rest_route=\/wp\/v2\/pages"}],"about":[{"href":"https:\/\/cnfps.fr\/index.php?rest_route=\/wp\/v2\/types\/page"}],"author":[{"embeddable":true,"href":"https:\/\/cnfps.fr\/index.php?rest_route=\/wp\/v2\/users\/1"}],"replies":[{"embeddable":true,"href":"https:\/\/cnfps.fr\/index.php?rest_route=%2Fwp%2Fv2%2Fcomments&post=379"}],"version-history":[{"count":5,"href":"https:\/\/cnfps.fr\/index.php?rest_route=\/wp\/v2\/pages\/379\/revisions"}],"predecessor-version":[{"id":396,"href":"https:\/\/cnfps.fr\/index.php?rest_route=\/wp\/v2\/pages\/379\/revisions\/396"}],"wp:attachment":[{"href":"https:\/\/cnfps.fr\/index.php?rest_route=%2Fwp%2Fv2%2Fmedia&parent=379"}],"curies":[{"name":"wp","href":"https:\/\/api.w.org\/{rel}","templated":true}]}}