{"id":298,"date":"2024-01-14T18:29:54","date_gmt":"2024-01-14T17:29:54","guid":{"rendered":"https:\/\/cnfps.fr\/?page_id=298"},"modified":"2026-01-28T23:30:31","modified_gmt":"2026-01-28T22:30:31","slug":"adrips","status":"publish","type":"page","link":"https:\/\/cnfps.fr\/?page_id=298","title":{"rendered":"ADRIPS"},"content":{"rendered":"\n<figure class=\"wp-block-image size-full is-resized\"><img loading=\"lazy\" decoding=\"async\" width=\"449\" height=\"452\" src=\"https:\/\/cnfps.fr\/wp-content\/uploads\/2026\/01\/ADRIPSlogo.png\" alt=\"\" class=\"wp-image-521\" style=\"width:150px\" srcset=\"https:\/\/cnfps.fr\/wp-content\/uploads\/2026\/01\/ADRIPSlogo.png 449w, https:\/\/cnfps.fr\/wp-content\/uploads\/2026\/01\/ADRIPSlogo-298x300.png 298w, https:\/\/cnfps.fr\/wp-content\/uploads\/2026\/01\/ADRIPSlogo-150x150.png 150w\" sizes=\"auto, (max-width: 449px) 100vw, 449px\" \/><\/figure>\n\n\n\n<p><strong><a href=\"https:\/\/www.adrips.org\" data-type=\"link\" data-id=\"https:\/\/www.adrips.org\">Association pour la Diffusion de la Recherche Internationale en Psychologie Sociale<\/a><\/strong><\/p>\n\n\n\n<p>L\u2019ADRIPS est une soci\u00e9t\u00e9 savante \u00e0 but non-lucratif, cr\u00e9\u00e9e en 1988 et d\u00e9di\u00e9e \u00e0 la psychologie sociale. Elle rassemble chercheur\u00b7euses, enseignant\u00b7es, \u00e9tudiant\u00b7es et praticien\u00b7nes. Ses activit\u00e9s incluent l&rsquo;organisation de conf\u00e9rences, le soutien d&rsquo;une revue scientifique, la d\u00e9veloppement de r\u00e9seaux scientifiques, et la diffusion des connaissances en psychologie scientifique, principalement au sein de la francophonie.<\/p>\n\n\n\n<p><a href=\"https:\/\/www.adrips.org\">https:\/\/www.adrips.org<\/a><\/p>\n","protected":false},"excerpt":{"rendered":"<p>Association pour la Diffusion de la Recherche Internationale en Psychologie Sociale L\u2019ADRIPS est une soci\u00e9t\u00e9 savante \u00e0 but non-lucratif, cr\u00e9\u00e9e en 1988 et d\u00e9di\u00e9e \u00e0 la psychologie sociale. Elle rassemble chercheur\u00b7euses, enseignant\u00b7es, \u00e9tudiant\u00b7es et praticien\u00b7nes. Ses activit\u00e9s incluent l&rsquo;organisation de conf\u00e9rences, le soutien d&rsquo;une revue scientifique, la d\u00e9veloppement de r\u00e9seaux scientifiques, et la diffusion des &hellip; <\/p>\n<p class=\"link-more\"><a href=\"https:\/\/cnfps.fr\/?page_id=298\" class=\"more-link\">Continuer la lecture <span class=\"screen-reader-text\"> \u00ab\u00a0ADRIPS\u00a0\u00bb<\/span><\/a><\/p>\n","protected":false},"author":1,"featured_media":0,"parent":0,"menu_order":0,"comment_status":"closed","ping_status":"closed","template":"","meta":{"footnotes":""},"class_list":["post-298","page","type-page","status-publish","hentry","entry"],"_links":{"self":[{"href":"https:\/\/cnfps.fr\/index.php?rest_route=\/wp\/v2\/pages\/298","targetHints":{"allow":["GET"]}}],"collection":[{"href":"https:\/\/cnfps.fr\/index.php?rest_route=\/wp\/v2\/pages"}],"about":[{"href":"https:\/\/cnfps.fr\/index.php?rest_route=\/wp\/v2\/types\/page"}],"author":[{"embeddable":true,"href":"https:\/\/cnfps.fr\/index.php?rest_route=\/wp\/v2\/users\/1"}],"replies":[{"embeddable":true,"href":"https:\/\/cnfps.fr\/index.php?rest_route=%2Fwp%2Fv2%2Fcomments&post=298"}],"version-history":[{"count":4,"href":"https:\/\/cnfps.fr\/index.php?rest_route=\/wp\/v2\/pages\/298\/revisions"}],"predecessor-version":[{"id":522,"href":"https:\/\/cnfps.fr\/index.php?rest_route=\/wp\/v2\/pages\/298\/revisions\/522"}],"wp:attachment":[{"href":"https:\/\/cnfps.fr\/index.php?rest_route=%2Fwp%2Fv2%2Fmedia&parent=298"}],"curies":[{"name":"wp","href":"https:\/\/api.w.org\/{rel}","templated":true}]}}