{"id":267,"date":"2023-12-05T22:58:15","date_gmt":"2023-12-05T21:58:15","guid":{"rendered":"https:\/\/cnfps.fr\/?page_id=267"},"modified":"2024-12-04T18:04:12","modified_gmt":"2024-12-04T17:04:12","slug":"laureat-2023","status":"publish","type":"page","link":"https:\/\/cnfps.fr\/?page_id=267","title":{"rendered":"Laur\u00e9at 2023"},"content":{"rendered":"\n<p><strong>Guillaume Dezecache,&nbsp;<\/strong><\/p>\n\n\n\n<p>Directeur de Recherche \u00e0 l&rsquo;Institut de Recherche pour le D\u00e9veloppement et membre de l\u2019Unit\u00e9 Mixte de Recherche Internationale Soutenabilit\u00e9 et R\u00e9silience (SOURCE), est laur\u00e9at du prix Th\u00e9odule Ribot du CNFPS 2023.<\/p>\n\n\n\n<div class=\"wp-block-columns is-layout-flex wp-container-core-columns-is-layout-9d6595d7 wp-block-columns-is-layout-flex\">\n<div class=\"wp-block-column is-layout-flow wp-block-column-is-layout-flow\">\n<iframe loading=\"lazy\" src=\"https:\/\/pod.univ-lille.fr\/video\/35011-remise_du-_prix_theodule_ribot-2023\/a8edec317e36b45066f9d8ebd5f8549f53fef4b3f918b1cc0751925cac03040b\/?is_iframe=true\" style=\"padding: 0; margin: 0; border:0\" allowfullscreen=\"\" width=\"640\" height=\"360\"><\/iframe>\n<\/div>\n\n\n\n<div class=\"wp-block-column is-layout-flow wp-block-column-is-layout-flow\">\n<figure class=\"wp-block-image size-large is-resized\"><a href=\"https:\/\/cnfps.fr\/wp-content\/uploads\/2023\/12\/SFR-SCV-IMP23120509520.pdf\" target=\"_blank\" rel=\"noreferrer noopener\"><img loading=\"lazy\" decoding=\"async\" src=\"https:\/\/cnfps.fr\/wp-content\/uploads\/2023\/12\/couverture2024-e1701811355457-841x1024.png\" alt=\"\" class=\"wp-image-271\" width=\"294\" height=\"357\" srcset=\"https:\/\/cnfps.fr\/wp-content\/uploads\/2023\/12\/couverture2024-e1701811355457-841x1024.png 841w, https:\/\/cnfps.fr\/wp-content\/uploads\/2023\/12\/couverture2024-e1701811355457-246x300.png 246w, https:\/\/cnfps.fr\/wp-content\/uploads\/2023\/12\/couverture2024-e1701811355457-768x935.png 768w, https:\/\/cnfps.fr\/wp-content\/uploads\/2023\/12\/couverture2024-e1701811355457.png 1160w\" sizes=\"auto, (max-width: 294px) 100vw, 294px\" \/><\/a><\/figure>\n<\/div>\n<\/div>\n\n\n\n<h6 class=\"wp-block-heading\"><strong>Comit\u00e9 de remise du prix Th\u00e9odule Ribot 2023 (de droite \u00e0 gauche):<\/strong><\/h6>\n\n\n\n<div class=\"wp-block-columns is-layout-flex wp-container-core-columns-is-layout-9d6595d7 wp-block-columns-is-layout-flex\">\n<div class=\"wp-block-column is-layout-flow wp-block-column-is-layout-flow\">\n<figure class=\"wp-block-image size-large\"><img loading=\"lazy\" decoding=\"async\" width=\"1024\" height=\"576\" src=\"https:\/\/cnfps.fr\/wp-content\/uploads\/2023\/12\/jury2024-1024x576.jpg\" alt=\"\" class=\"wp-image-277\" srcset=\"https:\/\/cnfps.fr\/wp-content\/uploads\/2023\/12\/jury2024-1024x576.jpg 1024w, https:\/\/cnfps.fr\/wp-content\/uploads\/2023\/12\/jury2024-300x169.jpg 300w, https:\/\/cnfps.fr\/wp-content\/uploads\/2023\/12\/jury2024-768x432.jpg 768w, https:\/\/cnfps.fr\/wp-content\/uploads\/2023\/12\/jury2024-1536x864.jpg 1536w, https:\/\/cnfps.fr\/wp-content\/uploads\/2023\/12\/jury2024-2048x1152.jpg 2048w, https:\/\/cnfps.fr\/wp-content\/uploads\/2023\/12\/jury2024-1568x882.jpg 1568w\" sizes=\"auto, (max-width: 1024px) 100vw, 1024px\" \/><\/figure>\n<\/div>\n\n\n\n<div class=\"wp-block-column is-layout-flow wp-block-column-is-layout-flow\">\n<ul class=\"wp-block-list\">\n<li>S\u00e9bastien Bohler&nbsp; (Cerveau et Psycho) <\/li>\n\n\n\n<li>Marie Pierre Fayant (Association pour la Diffusion de la Recherche Internationale en Psychologie Sociale)<\/li>\n\n\n\n<li>Guillaume Dezecache (Laur\u00e9at du prix Th\u00e9odule Ribot) <\/li>\n\n\n\n<li>Val\u00e9rie Gyselinck (CNFPS)<\/li>\n\n\n\n<li>Lise Haddouk (F\u00e9d\u00e9ration Fran\u00e7aise des Psychologues et de Psychologie) <\/li>\n\n\n\n<li>Yann Coello (CNFPS) <\/li>\n\n\n\n<li>Ren\u00e9 Clarisse (Soci\u00e9t\u00e9 Fran\u00e7aise de Psychologie)<\/li>\n<\/ul>\n<\/div>\n<\/div>\n","protected":false},"excerpt":{"rendered":"<p>Guillaume Dezecache,&nbsp; Directeur de Recherche \u00e0 l&rsquo;Institut de Recherche pour le D\u00e9veloppement et membre de l\u2019Unit\u00e9 Mixte de Recherche Internationale Soutenabilit\u00e9 et R\u00e9silience (SOURCE), est laur\u00e9at du prix Th\u00e9odule Ribot du CNFPS 2023. Comit\u00e9 de remise du prix Th\u00e9odule Ribot 2023 (de droite \u00e0 gauche):<\/p>\n","protected":false},"author":1,"featured_media":0,"parent":0,"menu_order":0,"comment_status":"closed","ping_status":"closed","template":"","meta":{"footnotes":""},"class_list":["post-267","page","type-page","status-publish","hentry","entry"],"_links":{"self":[{"href":"https:\/\/cnfps.fr\/index.php?rest_route=\/wp\/v2\/pages\/267","targetHints":{"allow":["GET"]}}],"collection":[{"href":"https:\/\/cnfps.fr\/index.php?rest_route=\/wp\/v2\/pages"}],"about":[{"href":"https:\/\/cnfps.fr\/index.php?rest_route=\/wp\/v2\/types\/page"}],"author":[{"embeddable":true,"href":"https:\/\/cnfps.fr\/index.php?rest_route=\/wp\/v2\/users\/1"}],"replies":[{"embeddable":true,"href":"https:\/\/cnfps.fr\/index.php?rest_route=%2Fwp%2Fv2%2Fcomments&post=267"}],"version-history":[{"count":14,"href":"https:\/\/cnfps.fr\/index.php?rest_route=\/wp\/v2\/pages\/267\/revisions"}],"predecessor-version":[{"id":305,"href":"https:\/\/cnfps.fr\/index.php?rest_route=\/wp\/v2\/pages\/267\/revisions\/305"}],"wp:attachment":[{"href":"https:\/\/cnfps.fr\/index.php?rest_route=%2Fwp%2Fv2%2Fmedia&parent=267"}],"curies":[{"name":"wp","href":"https:\/\/api.w.org\/{rel}","templated":true}]}}