{"id":232,"date":"2022-09-13T14:59:39","date_gmt":"2022-09-13T12:59:39","guid":{"rendered":"https:\/\/cnfps.fr\/?page_id=232"},"modified":"2023-02-28T18:42:59","modified_gmt":"2023-02-28T17:42:59","slug":"laureat-2022","status":"publish","type":"page","link":"https:\/\/cnfps.fr\/?page_id=232","title":{"rendered":"Laur\u00e9at 2022"},"content":{"rendered":"\n<p><strong>St\u00e9fano Palminteri,&nbsp;<\/strong><\/p>\n\n\n\n<p>Chercheur au Laboratoire de Neurosciences Cognitives et Computationelles (Institut National de la Sant\u00e9 et de la Recherche M\u00e9dicale &amp; \u00c9cole Normale Sup\u00e9rieure, Paris), est laur\u00e9at du prix Th\u00e9odule Ribot du CNFPS 2022.<\/p>\n\n\n\n<div class=\"wp-block-columns is-layout-flex wp-container-core-columns-is-layout-9d6595d7 wp-block-columns-is-layout-flex\">\n<div class=\"wp-block-column is-layout-flow wp-block-column-is-layout-flow\">\n<iframe loading=\"lazy\" src=\"https:\/\/pod.univ-lille.fr\/video\/27801-remise_du-_prix_theodule_ribot-2022mp4\/?is_iframe=true\" style=\"padding: 0; margin: 0; border:0\" allowfullscreen=\"\" width=\"640\" height=\"360\"><\/iframe>\n<\/div>\n\n\n\n<div class=\"wp-block-column is-layout-flow wp-block-column-is-layout-flow\">\n<figure class=\"wp-block-image size-large is-style-rounded\"><a href=\"https:\/\/cnfps.fr\/wp-content\/uploads\/2023\/02\/Palminteri_CerveauPsycho_2022.pdf\"><img loading=\"lazy\" decoding=\"async\" width=\"1024\" height=\"866\" src=\"https:\/\/cnfps.fr\/wp-content\/uploads\/2023\/02\/optimisme-1024x866.png\" alt=\"\" class=\"wp-image-253\" srcset=\"https:\/\/cnfps.fr\/wp-content\/uploads\/2023\/02\/optimisme-1024x866.png 1024w, https:\/\/cnfps.fr\/wp-content\/uploads\/2023\/02\/optimisme-300x254.png 300w, https:\/\/cnfps.fr\/wp-content\/uploads\/2023\/02\/optimisme-768x649.png 768w, https:\/\/cnfps.fr\/wp-content\/uploads\/2023\/02\/optimisme.png 1166w\" sizes=\"auto, (max-width: 1024px) 100vw, 1024px\" \/><\/a><\/figure>\n<\/div>\n<\/div>\n\n\n\n<div class=\"wp-block-columns is-layout-flex wp-container-core-columns-is-layout-9d6595d7 wp-block-columns-is-layout-flex\">\n<div class=\"wp-block-column is-layout-flow wp-block-column-is-layout-flow\">\n<figure class=\"wp-block-image size-large is-resized\"><img loading=\"lazy\" decoding=\"async\" src=\"https:\/\/cnfps.fr\/wp-content\/uploads\/2022\/10\/prix2022-1024x768.jpg\" alt=\"\" class=\"wp-image-249\" width=\"674\" height=\"505\" srcset=\"https:\/\/cnfps.fr\/wp-content\/uploads\/2022\/10\/prix2022-1024x768.jpg 1024w, https:\/\/cnfps.fr\/wp-content\/uploads\/2022\/10\/prix2022-300x225.jpg 300w, https:\/\/cnfps.fr\/wp-content\/uploads\/2022\/10\/prix2022-768x576.jpg 768w, https:\/\/cnfps.fr\/wp-content\/uploads\/2022\/10\/prix2022-1536x1152.jpg 1536w, https:\/\/cnfps.fr\/wp-content\/uploads\/2022\/10\/prix2022-1568x1176.jpg 1568w, https:\/\/cnfps.fr\/wp-content\/uploads\/2022\/10\/prix2022.jpg 1600w\" sizes=\"auto, (max-width: 674px) 100vw, 674px\" \/><\/figure>\n<\/div>\n\n\n\n<div class=\"wp-block-column is-layout-flow wp-block-column-is-layout-flow\">\n<ul class=\"wp-block-list\">\n<li><strong>Comit\u00e9 de remise du prix Th\u00e9odule Ribot 2022 (de droite \u00e0 gauche):<\/strong><\/li>\n\n\n\n<li>Michel Denis (CNFPS)<\/li>\n\n\n\n<li>Olivier Houd\u00e9 (Acad\u00e9mie des Sciences Morales et Politiques)<\/li>\n\n\n\n<li>C\u00e9cile Lestienne (Cerveau et Psycho)<\/li>\n\n\n\n<li>S\u00e9bastien Bohler&nbsp; (Cerveau et Psycho)<\/li>\n\n\n\n<li>Stefano Palminteri (Laur\u00e9at du prix Th\u00e9odule Ribot)<\/li>\n\n\n\n<li>Val\u00e9rie Gyselinck (CNFPS)<\/li>\n\n\n\n<li>Yann Coello (CNFPS)<\/li>\n\n\n\n<li>Gr\u00e9goire Borst (CNFPS)<\/li>\n\n\n\n<li>Ren\u00e9 Clarisse (Soci\u00e9t\u00e9 Fran\u00e7aise de Psychologie)<\/li>\n\n\n\n<li>Mathieu Cassoti (F\u00e9d\u00e9ration Fran\u00e7aise des Psychologues et de Psychologie)<\/li>\n<\/ul>\n<\/div>\n<\/div>\n","protected":false},"excerpt":{"rendered":"<p>St\u00e9fano Palminteri,&nbsp; Chercheur au Laboratoire de Neurosciences Cognitives et Computationelles (Institut National de la Sant\u00e9 et de la Recherche M\u00e9dicale &amp; \u00c9cole Normale Sup\u00e9rieure, Paris), est laur\u00e9at du prix Th\u00e9odule Ribot du CNFPS 2022.<\/p>\n","protected":false},"author":1,"featured_media":0,"parent":0,"menu_order":0,"comment_status":"closed","ping_status":"closed","template":"","meta":{"footnotes":""},"class_list":["post-232","page","type-page","status-publish","hentry","entry"],"_links":{"self":[{"href":"https:\/\/cnfps.fr\/index.php?rest_route=\/wp\/v2\/pages\/232","targetHints":{"allow":["GET"]}}],"collection":[{"href":"https:\/\/cnfps.fr\/index.php?rest_route=\/wp\/v2\/pages"}],"about":[{"href":"https:\/\/cnfps.fr\/index.php?rest_route=\/wp\/v2\/types\/page"}],"author":[{"embeddable":true,"href":"https:\/\/cnfps.fr\/index.php?rest_route=\/wp\/v2\/users\/1"}],"replies":[{"embeddable":true,"href":"https:\/\/cnfps.fr\/index.php?rest_route=%2Fwp%2Fv2%2Fcomments&post=232"}],"version-history":[{"count":7,"href":"https:\/\/cnfps.fr\/index.php?rest_route=\/wp\/v2\/pages\/232\/revisions"}],"predecessor-version":[{"id":280,"href":"https:\/\/cnfps.fr\/index.php?rest_route=\/wp\/v2\/pages\/232\/revisions\/280"}],"wp:attachment":[{"href":"https:\/\/cnfps.fr\/index.php?rest_route=%2Fwp%2Fv2%2Fmedia&parent=232"}],"curies":[{"name":"wp","href":"https:\/\/api.w.org\/{rel}","templated":true}]}}