{"id":139,"date":"2021-01-12T17:58:40","date_gmt":"2021-01-12T16:58:40","guid":{"rendered":"http:\/\/cnfps.fr\/?page_id=139"},"modified":"2026-01-25T19:40:15","modified_gmt":"2026-01-25T18:40:15","slug":"prix-theodule-ribot-2","status":"publish","type":"page","link":"https:\/\/cnfps.fr\/?page_id=139","title":{"rendered":"Prix Th\u00e9odule Ribot"},"content":{"rendered":"\n<p>Le Comit\u00e9 National Fran\u00e7ais de Psychologie Scientifique-CNFPS attribue chaque ann\u00e9e le <strong>Prix Th\u00e9odule Ribot<\/strong> qui r\u00e9compense, en partenariat avec le magazine Cerveau &amp; Psycho, une jeune chercheuse ou un jeune chercheur en psychologie dont les travaux scientifiques auront permis des avanc\u00e9es significatives sur le plan th\u00e9orique ou des applications, et auront b\u00e9n\u00e9fici\u00e9 d\u2019une reconnaissance internationale.<\/p>\n","protected":false},"excerpt":{"rendered":"<p>Le Comit\u00e9 National Fran\u00e7ais de Psychologie Scientifique-CNFPS attribue chaque ann\u00e9e le Prix Th\u00e9odule Ribot qui r\u00e9compense, en partenariat avec le magazine Cerveau &amp; Psycho, une jeune chercheuse ou un jeune chercheur en psychologie dont les travaux scientifiques auront permis des avanc\u00e9es significatives sur le plan th\u00e9orique ou des applications, et auront b\u00e9n\u00e9fici\u00e9 d\u2019une reconnaissance internationale.<\/p>\n","protected":false},"author":1,"featured_media":0,"parent":0,"menu_order":0,"comment_status":"closed","ping_status":"closed","template":"","meta":{"footnotes":""},"class_list":["post-139","page","type-page","status-publish","hentry","entry"],"_links":{"self":[{"href":"https:\/\/cnfps.fr\/index.php?rest_route=\/wp\/v2\/pages\/139","targetHints":{"allow":["GET"]}}],"collection":[{"href":"https:\/\/cnfps.fr\/index.php?rest_route=\/wp\/v2\/pages"}],"about":[{"href":"https:\/\/cnfps.fr\/index.php?rest_route=\/wp\/v2\/types\/page"}],"author":[{"embeddable":true,"href":"https:\/\/cnfps.fr\/index.php?rest_route=\/wp\/v2\/users\/1"}],"replies":[{"embeddable":true,"href":"https:\/\/cnfps.fr\/index.php?rest_route=%2Fwp%2Fv2%2Fcomments&post=139"}],"version-history":[{"count":3,"href":"https:\/\/cnfps.fr\/index.php?rest_route=\/wp\/v2\/pages\/139\/revisions"}],"predecessor-version":[{"id":424,"href":"https:\/\/cnfps.fr\/index.php?rest_route=\/wp\/v2\/pages\/139\/revisions\/424"}],"wp:attachment":[{"href":"https:\/\/cnfps.fr\/index.php?rest_route=%2Fwp%2Fv2%2Fmedia&parent=139"}],"curies":[{"name":"wp","href":"https:\/\/api.w.org\/{rel}","templated":true}]}}