{"id":132,"date":"2021-01-12T17:59:40","date_gmt":"2021-01-12T16:59:40","guid":{"rendered":"http:\/\/cnfps.fr\/?page_id=132"},"modified":"2021-01-14T18:35:35","modified_gmt":"2021-01-14T17:35:35","slug":"laureat-2020","status":"publish","type":"page","link":"https:\/\/cnfps.fr\/?page_id=132","title":{"rendered":"Laur\u00e9at 2020"},"content":{"rendered":"\n<p><strong>Thomas Hinault, <\/strong><\/p>\n\n\n\n<p style=\"line-height:0\">Chercheur \u00e0 l&rsquo;UMR 1077 Inserm EPHE Unicaen \u00ab\u00a0Neuropsychologie et <\/p>\n\n\n\n<p style=\"line-height:0\">Imagerie de la M\u00e9moire Humaine\u00a0\u00bb, est laur\u00e9at du prix de psychologie <\/p>\n\n\n\n<p style=\"line-height:0\">scientifique Th\u00e9odule Ribot 2020.<\/p>\n\n\n\n<div class=\"wp-block-group\"><div class=\"wp-block-group__inner-container is-layout-flow wp-block-group-is-layout-flow\">\n<div class=\"wp-block-columns is-layout-flex wp-container-core-columns-is-layout-9d6595d7 wp-block-columns-is-layout-flex\">\n<div class=\"wp-block-column is-layout-flow wp-block-column-is-layout-flow\" style=\"flex-basis:100%\"><\/div>\n<\/div>\n<\/div><\/div>\n\n\n\n<div class=\"wp-block-group\"><div class=\"wp-block-group__inner-container is-layout-flow wp-block-group-is-layout-flow\">\n<div class=\"wp-block-columns is-layout-flex wp-container-core-columns-is-layout-9d6595d7 wp-block-columns-is-layout-flex\">\n<div class=\"wp-block-column is-layout-flow wp-block-column-is-layout-flow\" style=\"flex-basis:35em\">\n<iframe loading=\"lazy\" src=\"https:\/\/pod.univ-lille.fr\/video\/16473-remise-du-prix-theodule-ribot-2020\/?is_iframe=true\" style=\"padding: 0; margin: 0; border:0\" allowfullscreen=\"\" width=\"640\" height=\"360\"><\/iframe>\n<\/div>\n\n\n\n<div class=\"wp-block-column is-layout-flow wp-block-column-is-layout-flow\">\n<p><\/p>\n\n\n\n<p><\/p>\n\n\n\n<figure class=\"wp-block-image alignfull size-large is-style-rounded\"><a href=\"https:\/\/cnfps.fr\/wp-content\/uploads\/2021\/01\/cp127-decouvertes-PrixPsycho-1-1.pdf\"><img loading=\"lazy\" decoding=\"async\" width=\"1024\" height=\"601\" src=\"https:\/\/cnfps.fr\/wp-content\/uploads\/2021\/01\/Un-cerveau-en-phase-edited-1024x601.jpg\" alt=\"\" class=\"wp-image-176\" srcset=\"https:\/\/cnfps.fr\/wp-content\/uploads\/2021\/01\/Un-cerveau-en-phase-edited-1024x601.jpg 1024w, https:\/\/cnfps.fr\/wp-content\/uploads\/2021\/01\/Un-cerveau-en-phase-edited-300x176.jpg 300w, https:\/\/cnfps.fr\/wp-content\/uploads\/2021\/01\/Un-cerveau-en-phase-edited-768x450.jpg 768w, https:\/\/cnfps.fr\/wp-content\/uploads\/2021\/01\/Un-cerveau-en-phase-edited.jpg 1028w\" sizes=\"auto, (max-width: 1024px) 100vw, 1024px\" \/><\/a><figcaption><strong>D\u00e9couvertes Neurosciences<\/strong><\/figcaption><\/figure>\n<\/div>\n<\/div>\n<\/div><\/div>\n\n\n\n<div class=\"wp-block-group\"><div class=\"wp-block-group__inner-container is-layout-flow wp-block-group-is-layout-flow\">\n<p><\/p>\n<\/div><\/div>\n\n\n\n<div class=\"wp-block-columns is-layout-flex wp-container-core-columns-is-layout-9d6595d7 wp-block-columns-is-layout-flex\">\n<div class=\"wp-block-column is-layout-flow wp-block-column-is-layout-flow\" style=\"flex-basis:100%\">\n<div class=\"wp-block-group\"><div class=\"wp-block-group__inner-container is-layout-flow wp-block-group-is-layout-flow\">\n<div class=\"wp-block-columns are-vertically-aligned-center is-layout-flex wp-container-core-columns-is-layout-9d6595d7 wp-block-columns-is-layout-flex\">\n<div class=\"wp-block-column is-vertically-aligned-center is-layout-flow wp-block-column-is-layout-flow\" style=\"flex-basis:100%\">\n<div class=\"wp-block-group\"><div class=\"wp-block-group__inner-container is-layout-flow wp-block-group-is-layout-flow\">\n<div class=\"wp-block-group\"><div class=\"wp-block-group__inner-container is-layout-flow wp-block-group-is-layout-flow\">\n<div class=\"wp-block-group\"><div class=\"wp-block-group__inner-container is-layout-flow wp-block-group-is-layout-flow\">\n<div class=\"wp-block-columns is-layout-flex wp-container-core-columns-is-layout-9d6595d7 wp-block-columns-is-layout-flex\">\n<div class=\"wp-block-column is-layout-flow wp-block-column-is-layout-flow\">\n<figure class=\"wp-block-image size-large\"><img loading=\"lazy\" decoding=\"async\" width=\"640\" height=\"480\" src=\"https:\/\/cnfps.fr\/wp-content\/uploads\/2021\/01\/conference_remise_du_prix.jpg\" alt=\"\" class=\"wp-image-134\" srcset=\"https:\/\/cnfps.fr\/wp-content\/uploads\/2021\/01\/conference_remise_du_prix.jpg 640w, https:\/\/cnfps.fr\/wp-content\/uploads\/2021\/01\/conference_remise_du_prix-300x225.jpg 300w\" sizes=\"auto, (max-width: 640px) 100vw, 640px\" \/><\/figure>\n<\/div>\n\n\n\n<div class=\"wp-block-column is-layout-flow wp-block-column-is-layout-flow\" style=\"flex-basis:28%\">\n<p><\/p>\n\n\n\n<p><\/p>\n\n\n\n<p style=\"font-size:17px\"><strong>Comit\u00e9 de remise du prix Th\u00e9odule Ribot 2020 (de gauche \u00e0 droite)<\/strong>:<br>Michel Denis (CNFPS), Maria Pereira Da Costa (FFPP), S\u00e9bastien Bohler (Cerveau &amp; Psycho), Olivier Houd\u00e9 (ASMP), Thomas Hinault (Laur\u00e9at du Prix), Yann Coello (CNFPS), Val\u00e9rie Gyselinck (CNFPS), Ren\u00e9 Clarisse (SFP), C\u00e9cile Lestienne (Cerveau &amp; Psycho)<\/p>\n\n\n\n<p><\/p>\n<\/div>\n<\/div>\n<\/div><\/div>\n<\/div><\/div>\n<\/div><\/div>\n<\/div>\n<\/div>\n<\/div><\/div>\n<\/div>\n<\/div>\n\n\n\n<p><\/p>\n","protected":false},"excerpt":{"rendered":"<p>Thomas Hinault, Chercheur \u00e0 l&rsquo;UMR 1077 Inserm EPHE Unicaen \u00ab\u00a0Neuropsychologie et Imagerie de la M\u00e9moire Humaine\u00a0\u00bb, est laur\u00e9at du prix de psychologie scientifique Th\u00e9odule Ribot 2020. Comit\u00e9 de remise du prix Th\u00e9odule Ribot 2020 (de gauche \u00e0 droite):Michel Denis (CNFPS), Maria Pereira Da Costa (FFPP), S\u00e9bastien Bohler (Cerveau &amp; Psycho), Olivier Houd\u00e9 (ASMP), Thomas Hinault &hellip; <\/p>\n<p class=\"link-more\"><a href=\"https:\/\/cnfps.fr\/?page_id=132\" class=\"more-link\">Continuer la lecture <span class=\"screen-reader-text\"> \u00ab\u00a0Laur\u00e9at 2020\u00a0\u00bb<\/span><\/a><\/p>\n","protected":false},"author":1,"featured_media":0,"parent":0,"menu_order":0,"comment_status":"closed","ping_status":"closed","template":"","meta":{"footnotes":""},"class_list":["post-132","page","type-page","status-publish","hentry","entry"],"_links":{"self":[{"href":"https:\/\/cnfps.fr\/index.php?rest_route=\/wp\/v2\/pages\/132","targetHints":{"allow":["GET"]}}],"collection":[{"href":"https:\/\/cnfps.fr\/index.php?rest_route=\/wp\/v2\/pages"}],"about":[{"href":"https:\/\/cnfps.fr\/index.php?rest_route=\/wp\/v2\/types\/page"}],"author":[{"embeddable":true,"href":"https:\/\/cnfps.fr\/index.php?rest_route=\/wp\/v2\/users\/1"}],"replies":[{"embeddable":true,"href":"https:\/\/cnfps.fr\/index.php?rest_route=%2Fwp%2Fv2%2Fcomments&post=132"}],"version-history":[{"count":34,"href":"https:\/\/cnfps.fr\/index.php?rest_route=\/wp\/v2\/pages\/132\/revisions"}],"predecessor-version":[{"id":201,"href":"https:\/\/cnfps.fr\/index.php?rest_route=\/wp\/v2\/pages\/132\/revisions\/201"}],"wp:attachment":[{"href":"https:\/\/cnfps.fr\/index.php?rest_route=%2Fwp%2Fv2%2Fmedia&parent=132"}],"curies":[{"name":"wp","href":"https:\/\/api.w.org\/{rel}","templated":true}]}}