{"id":126,"date":"2021-01-06T09:22:40","date_gmt":"2021-01-06T08:22:40","guid":{"rendered":"http:\/\/cnfps.fr\/?page_id=126"},"modified":"2026-01-28T20:37:35","modified_gmt":"2026-01-28T19:37:35","slug":"isc","status":"publish","type":"page","link":"https:\/\/cnfps.fr\/?page_id=126","title":{"rendered":"ISC"},"content":{"rendered":"\n<figure class=\"wp-block-image size-full is-resized\"><img loading=\"lazy\" decoding=\"async\" width=\"634\" height=\"169\" src=\"https:\/\/cnfps.fr\/wp-content\/uploads\/2026\/01\/International_science_council_logo-1.png\" alt=\"\" class=\"wp-image-464\" style=\"width:300px\" srcset=\"https:\/\/cnfps.fr\/wp-content\/uploads\/2026\/01\/International_science_council_logo-1.png 634w, https:\/\/cnfps.fr\/wp-content\/uploads\/2026\/01\/International_science_council_logo-1-300x80.png 300w\" sizes=\"auto, (max-width: 634px) 100vw, 634px\" \/><\/figure>\n\n\n\n<p><a href=\"https:\/\/council.science\">https:\/\/council.science<\/a><\/p>\n\n\n\n<p>Le <a href=\"https:\/\/council.science\" data-type=\"link\" data-id=\"https:\/\/council.science\">Conseil Scientifique International<\/a> (ISC), cr\u00e9\u00e9 en 2018 par la fusion de l&rsquo;<em>International Council for Science<\/em> (ICSU) et de l&rsquo;<em>International Social Science Council<\/em> (ISSC), est la principale organisation mondiale repr\u00e9sentant la science. Sa mission est de promouvoir la science comme bien public mondial, de soutenir la collaboration internationale et interdisciplinaire, de favoriser l\u2019inclusivit\u00e9 et l\u2019\u00e9quit\u00e9, et d\u2019encourager l\u2019utilisation des connaissances scientifiques dans l\u2019\u00e9laboration de politiques publiques \u00e9clair\u00e9es. La France est repr\u00e9sent\u00e9e \u00e0 l\u2019ISC par l\u2019interm\u00e9diaire de l\u2019Acad\u00e9mie des Science.<\/p>\n\n\n\n<p>L\u2019ISC regroupe environ 250 organisations membres \u2014 unions scientifiques internationales, acad\u00e9mies nationales, soci\u00e9t\u00e9s scientifiques et conseils de recherche \u2014 et dispose d\u2019un si\u00e8ge \u00e0 Paris, de bureaux r\u00e9gionaux et d\u2019un bureau aux Nations Unies \u00e0 New York. Il est gouvern\u00e9 par une Assembl\u00e9e G\u00e9n\u00e9rale \u00e9lisant un <a href=\"https:\/\/council.science\/about-us\/governance\/governing-board\/\" data-type=\"link\" data-id=\"https:\/\/council.science\/about-us\/governance\/governing-board\/\">Conseil d\u2019Administration<\/a>, soutenu par des organes consultatifs et un secr\u00e9tariat permanent. L\u2019ISC mobilise l\u2019expertise scientifique mondiale pour aborder des enjeux soci\u00e9taux majeurs, coordonne des initiatives transdisciplinaires et promeut la diplomatie scientifique afin d\u2019influencer les d\u00e9cisions politiques au niveau international.<\/p>\n","protected":false},"excerpt":{"rendered":"<p>https:\/\/council.science Le Conseil Scientifique International (ISC), cr\u00e9\u00e9 en 2018 par la fusion de l&rsquo;International Council for Science (ICSU) et de l&rsquo;International Social Science Council (ISSC), est la principale organisation mondiale repr\u00e9sentant la science. Sa mission est de promouvoir la science comme bien public mondial, de soutenir la collaboration internationale et interdisciplinaire, de favoriser l\u2019inclusivit\u00e9 et &hellip; <\/p>\n<p class=\"link-more\"><a href=\"https:\/\/cnfps.fr\/?page_id=126\" class=\"more-link\">Continuer la lecture <span class=\"screen-reader-text\"> \u00ab\u00a0ISC\u00a0\u00bb<\/span><\/a><\/p>\n","protected":false},"author":1,"featured_media":0,"parent":0,"menu_order":0,"comment_status":"closed","ping_status":"closed","template":"","meta":{"footnotes":""},"class_list":["post-126","page","type-page","status-publish","hentry","entry"],"_links":{"self":[{"href":"https:\/\/cnfps.fr\/index.php?rest_route=\/wp\/v2\/pages\/126","targetHints":{"allow":["GET"]}}],"collection":[{"href":"https:\/\/cnfps.fr\/index.php?rest_route=\/wp\/v2\/pages"}],"about":[{"href":"https:\/\/cnfps.fr\/index.php?rest_route=\/wp\/v2\/types\/page"}],"author":[{"embeddable":true,"href":"https:\/\/cnfps.fr\/index.php?rest_route=\/wp\/v2\/users\/1"}],"replies":[{"embeddable":true,"href":"https:\/\/cnfps.fr\/index.php?rest_route=%2Fwp%2Fv2%2Fcomments&post=126"}],"version-history":[{"count":4,"href":"https:\/\/cnfps.fr\/index.php?rest_route=\/wp\/v2\/pages\/126\/revisions"}],"predecessor-version":[{"id":466,"href":"https:\/\/cnfps.fr\/index.php?rest_route=\/wp\/v2\/pages\/126\/revisions\/466"}],"wp:attachment":[{"href":"https:\/\/cnfps.fr\/index.php?rest_route=%2Fwp%2Fv2%2Fmedia&parent=126"}],"curies":[{"name":"wp","href":"https:\/\/api.w.org\/{rel}","templated":true}]}}