{"id":124,"date":"2021-01-06T09:20:13","date_gmt":"2021-01-06T08:20:13","guid":{"rendered":"http:\/\/cnfps.fr\/?page_id=124"},"modified":"2026-01-28T20:32:47","modified_gmt":"2026-01-28T19:32:47","slug":"itc","status":"publish","type":"page","link":"https:\/\/cnfps.fr\/?page_id=124","title":{"rendered":"ITC"},"content":{"rendered":"\n<figure class=\"wp-block-image size-full\"><img loading=\"lazy\" decoding=\"async\" width=\"439\" height=\"241\" src=\"https:\/\/cnfps.fr\/wp-content\/uploads\/2026\/01\/big-logo-homeITC.png\" alt=\"\" class=\"wp-image-460\" srcset=\"https:\/\/cnfps.fr\/wp-content\/uploads\/2026\/01\/big-logo-homeITC.png 439w, https:\/\/cnfps.fr\/wp-content\/uploads\/2026\/01\/big-logo-homeITC-300x165.png 300w\" sizes=\"auto, (max-width: 439px) 100vw, 439px\" \/><\/figure>\n\n\n\n<p><a href=\"https:\/\/www.intestcom.org\">https:\/\/www.intestcom.org<\/a><\/p>\n\n\n\n<p>La Commission internationale des tests (<a href=\"https:\/\/www.intestcom.org\" data-type=\"link\" data-id=\"https:\/\/www.intestcom.org\">International Test Commission \u2013 ITC<\/a>) est une association internationale cr\u00e9\u00e9e en 1976 \u00e0 l\u2019occasion du Congr\u00e8s de l\u2019Union Internationale des Sciences Psychologiques (IUPsyS). L\u2019ITC a pour objectif de promouvoir l\u2019usage rigoureux et \u00e9thique des tests psychologiques et \u00e9ducatifs dans le monde. Depuis sa cr\u00e9ation, l\u2019ITC rassemble des organisations nationales (dont le CNFPS), des institutions, des \u00e9diteurs et des membres individuels, tous engag\u00e9s dans le d\u00e9veloppement, l\u2019utilisation et la recherche sur les tests. Actuellement, 20 pays (dont la France) sont membres \u00e0 part enti\u00e8re et plus de 65 pays sont repr\u00e9sent\u00e9s parmi les membres individuels.<\/p>\n\n\n\n<p>La mission de l\u2019ITC est de faciliter les \u00e9changes internationaux, de stimuler la coop\u00e9ration entre professionnels, et de promouvoir de bonnes pratiques scientifiques et \u00e9thiques en mati\u00e8re d\u2019\u00e9valuation psychologique et \u00e9ducative. Pour cela, l\u2019association \u00e9labore et diffuse des lignes directrices internationales, encourage la recherche collaborative et met \u00e0 disposition des ressources pour ses membres.<\/p>\n\n\n\n<p>L\u2019organisation fonctionne sous la direction d\u2019un <a href=\"https:\/\/www.intestcom.org\/page\/3\" data-type=\"link\" data-id=\"https:\/\/www.intestcom.org\/page\/3\">Conseil \u00e9lu<\/a>, qui coordonne les activit\u00e9s et supervise les comit\u00e9s sp\u00e9cialis\u00e9s. Ses principales activit\u00e9s comprennent la publication de la revue scientifique <a href=\"https:\/\/www.tandfonline.com\/journals\/hijt20\" data-type=\"link\" data-id=\"https:\/\/www.tandfonline.com\/journals\/hijt20\">International Journal of Testing<\/a>, la diffusion de la newsletter <a href=\"https:\/\/www.intestcom.org\/page\/12\" data-type=\"link\" data-id=\"https:\/\/www.intestcom.org\/page\/12\">Testing International<\/a>, l\u2019organisation de conf\u00e9rences internationales biennales, ainsi que la production de <em>guidelines<\/em> et recommandations pour l\u2019usage des tests \u00e0 travers diff\u00e9rents contextes culturels et linguistiques. L\u2019ITC joue ainsi un r\u00f4le central dans le d\u00e9veloppement et la promotion d\u2019une \u00e9valuation psychologique fiable et \u00e9thique \u00e0 l\u2019\u00e9chelle mondiale.<\/p>\n","protected":false},"excerpt":{"rendered":"<p>https:\/\/www.intestcom.org La Commission internationale des tests (International Test Commission \u2013 ITC) est une association internationale cr\u00e9\u00e9e en 1976 \u00e0 l\u2019occasion du Congr\u00e8s de l\u2019Union Internationale des Sciences Psychologiques (IUPsyS). L\u2019ITC a pour objectif de promouvoir l\u2019usage rigoureux et \u00e9thique des tests psychologiques et \u00e9ducatifs dans le monde. Depuis sa cr\u00e9ation, l\u2019ITC rassemble des organisations nationales &hellip; <\/p>\n<p class=\"link-more\"><a href=\"https:\/\/cnfps.fr\/?page_id=124\" class=\"more-link\">Continuer la lecture <span class=\"screen-reader-text\"> \u00ab\u00a0ITC\u00a0\u00bb<\/span><\/a><\/p>\n","protected":false},"author":1,"featured_media":0,"parent":0,"menu_order":0,"comment_status":"closed","ping_status":"closed","template":"","meta":{"footnotes":""},"class_list":["post-124","page","type-page","status-publish","hentry","entry"],"_links":{"self":[{"href":"https:\/\/cnfps.fr\/index.php?rest_route=\/wp\/v2\/pages\/124","targetHints":{"allow":["GET"]}}],"collection":[{"href":"https:\/\/cnfps.fr\/index.php?rest_route=\/wp\/v2\/pages"}],"about":[{"href":"https:\/\/cnfps.fr\/index.php?rest_route=\/wp\/v2\/types\/page"}],"author":[{"embeddable":true,"href":"https:\/\/cnfps.fr\/index.php?rest_route=\/wp\/v2\/users\/1"}],"replies":[{"embeddable":true,"href":"https:\/\/cnfps.fr\/index.php?rest_route=%2Fwp%2Fv2%2Fcomments&post=124"}],"version-history":[{"count":3,"href":"https:\/\/cnfps.fr\/index.php?rest_route=\/wp\/v2\/pages\/124\/revisions"}],"predecessor-version":[{"id":461,"href":"https:\/\/cnfps.fr\/index.php?rest_route=\/wp\/v2\/pages\/124\/revisions\/461"}],"wp:attachment":[{"href":"https:\/\/cnfps.fr\/index.php?rest_route=%2Fwp%2Fv2%2Fmedia&parent=124"}],"curies":[{"name":"wp","href":"https:\/\/api.w.org\/{rel}","templated":true}]}}