{"id":120,"date":"2021-01-06T09:15:39","date_gmt":"2021-01-06T08:15:39","guid":{"rendered":"http:\/\/cnfps.fr\/?page_id=120"},"modified":"2026-01-28T20:14:29","modified_gmt":"2026-01-28T19:14:29","slug":"iupsys","status":"publish","type":"page","link":"https:\/\/cnfps.fr\/?page_id=120","title":{"rendered":"IUPsyS"},"content":{"rendered":"\n<figure class=\"wp-block-image size-full is-resized\"><img loading=\"lazy\" decoding=\"async\" width=\"900\" height=\"900\" src=\"https:\/\/cnfps.fr\/wp-content\/uploads\/2026\/01\/IUPSYSlogo.jpg\" alt=\"\" class=\"wp-image-451\" style=\"width:200px\"\/><\/figure>\n\n\n\n<p><a href=\"https:\/\/www.iupsys.net\/\">https:\/\/www.iupsys.net\/<\/a><\/p>\n\n\n\n<p>L\u2019<a href=\"https:\/\/www.iupsys.net\/\" data-type=\"link\" data-id=\"https:\/\/www.iupsys.net\/\">Union internationale de psychologie scientifique (IUPsyS)<\/a> repr\u00e9sente au niveau mondial la psychologie en tant que science fondamentale et appliqu\u00e9e. Ses origines remontent au premier Congr\u00e8s International de Psychologie, tenu \u00e0 Paris en 1889. Elle est officiellement fond\u00e9e en 1951 \u00e0 Stockholm afin de doter la discipline d\u2019une structure internationale permanente. Depuis, l\u2019IUPsyS rassemble des organisations nationales (dont le CNFPS) repr\u00e9sentant environ 93 pays.\u00a0<\/p>\n\n\n\n<p>La mission de l\u2019IUPsyS est de d\u00e9velopper, repr\u00e9senter et faire progresser la psychologie au niveau international 1) en promouvant la recherche et la pratique en psychologie, 2) en facilitant les \u00e9changes scientifiques internationaux, 3) en soutenant la formation de haut niveau en psychologie et en aidant au renforcement des programmes universitaire, 4) en favorisant l\u2019acc\u00e8s aux ressources scientifiques, 5) en encourageant la mobilit\u00e9 des \u00e9tudiants et jeunes chercheurs, et 6) en collaborant avec d\u2019autres organisations internationales.<\/p>\n\n\n\n<p>L\u2019IUPsyS est compos\u00e9e de membres nationaux et elle est dirig\u00e9e par un <a href=\"https:\/\/www.iupsys.net\/about\/governance\/executive-committee\/\" data-type=\"link\" data-id=\"https:\/\/www.iupsys.net\/about\/governance\/executive-committee\/\">Comit\u00e9 Ex\u00e9cutif \u00e9lu<\/a> (dans lequel si\u00e8ge un repr\u00e9sentant fran\u00e7ais, membre du CNFPS, <a href=\"https:\/\/www.lapsyde.com\/membres\/gregoire-borst\" data-type=\"link\" data-id=\"https:\/\/www.lapsyde.com\/membres\/gregoire-borst\">Gr\u00e9goire Borst<\/a>). Elle organise le Congr\u00e8s international de psychologie tous les quatre ans. Elle soutient des publications scientifiques majeures (dont l\u2019<a href=\"https:\/\/onlinelibrary.wiley.com\/journal\/1464066x\" data-type=\"link\" data-id=\"https:\/\/onlinelibrary.wiley.com\/journal\/1464066x\">International Journal of Psychology<\/a>), co-organise des conf\u00e9rences et m\u00e8ne des programmes d\u2019aide aupr\u00e8s des diff\u00e9rentes nations membres. Elle repr\u00e9sente \u00e9galement la psychologie aupr\u00e8s d\u2019organisations internationales telles que l\u2019ONU, l\u2019UNESCO et l\u2019OMS, contribuant ainsi aux grandes orientations scientifiques et soci\u00e9tales mondiales.<\/p>\n","protected":false},"excerpt":{"rendered":"<p>https:\/\/www.iupsys.net\/ L\u2019Union internationale de psychologie scientifique (IUPsyS) repr\u00e9sente au niveau mondial la psychologie en tant que science fondamentale et appliqu\u00e9e. Ses origines remontent au premier Congr\u00e8s International de Psychologie, tenu \u00e0 Paris en 1889. Elle est officiellement fond\u00e9e en 1951 \u00e0 Stockholm afin de doter la discipline d\u2019une structure internationale permanente. Depuis, l\u2019IUPsyS rassemble des &hellip; <\/p>\n<p class=\"link-more\"><a href=\"https:\/\/cnfps.fr\/?page_id=120\" class=\"more-link\">Continuer la lecture <span class=\"screen-reader-text\"> \u00ab\u00a0IUPsyS\u00a0\u00bb<\/span><\/a><\/p>\n","protected":false},"author":1,"featured_media":0,"parent":0,"menu_order":0,"comment_status":"closed","ping_status":"closed","template":"","meta":{"footnotes":""},"class_list":["post-120","page","type-page","status-publish","hentry","entry"],"_links":{"self":[{"href":"https:\/\/cnfps.fr\/index.php?rest_route=\/wp\/v2\/pages\/120","targetHints":{"allow":["GET"]}}],"collection":[{"href":"https:\/\/cnfps.fr\/index.php?rest_route=\/wp\/v2\/pages"}],"about":[{"href":"https:\/\/cnfps.fr\/index.php?rest_route=\/wp\/v2\/types\/page"}],"author":[{"embeddable":true,"href":"https:\/\/cnfps.fr\/index.php?rest_route=\/wp\/v2\/users\/1"}],"replies":[{"embeddable":true,"href":"https:\/\/cnfps.fr\/index.php?rest_route=%2Fwp%2Fv2%2Fcomments&post=120"}],"version-history":[{"count":3,"href":"https:\/\/cnfps.fr\/index.php?rest_route=\/wp\/v2\/pages\/120\/revisions"}],"predecessor-version":[{"id":452,"href":"https:\/\/cnfps.fr\/index.php?rest_route=\/wp\/v2\/pages\/120\/revisions\/452"}],"wp:attachment":[{"href":"https:\/\/cnfps.fr\/index.php?rest_route=%2Fwp%2Fv2%2Fmedia&parent=120"}],"curies":[{"name":"wp","href":"https:\/\/api.w.org\/{rel}","templated":true}]}}